{"id":10386,"date":"2019-10-10T16:04:48","date_gmt":"2019-10-10T14:04:48","guid":{"rendered":"https:\/\/preprod.cognac.fr\/?page_id=10386"},"modified":"2019-11-18T15:54:16","modified_gmt":"2019-11-18T14:54:16","slug":"cognac-at-a-glance","status":"publish","type":"page","link":"https:\/\/preprod.cognac.fr\/en\/discover\/a-unique-spirit\/cognac-at-a-glance\/","title":{"rendered":"Cognac at a glance"},"content":{"rendered":"[vc_section full_width_section=&#8221;non&#8221;][vc_row][vc_column width=&#8221;1\/6&#8243; offset=&#8221;vc_hidden-xs&#8221;][\/vc_column][vc_column width=&#8221;2\/3&#8243;]<div class=\"vc-cognac-btn-wrap btn-centre\"><div class=\"vc-cognac-btn-content\"><div class=\"vc-cognac-btn-content-content\"><span class=\"knowMore\"><a href=\"https:\/\/www.cognac.fr\/wp-content\/uploads\/infographie_cognac_101_uk.pdf\" target=\" _blank\" rel=\"\"><span class=\"knowMoreMask\"><\/span><span class=\"knowMoreLink\">DOWNLOAD THE INFOGRAPHIC<\/span><\/a><\/span><\/div><\/div><\/div>[\/vc_column][vc_column width=&#8221;1\/6&#8243; offset=&#8221;vc_hidden-xs&#8221;][\/vc_column][\/vc_row][\/vc_section]\n","protected":false},"excerpt":{"rendered":"<p>[vc_section full_width_section=&#8221;non&#8221;][vc_row][vc_column width=&#8221;1\/6&#8243; offset=&#8221;vc_hidden-xs&#8221;][\/vc_column][vc_column width=&#8221;2\/3&#8243;][\/vc_column][vc_column width=&#8221;1\/6&#8243; offset=&#8221;vc_hidden-xs&#8221;][\/vc_column][\/vc_row][\/vc_section]<\/p>\n","protected":false},"author":5,"featured_media":1195,"parent":10410,"menu_order":2,"comment_status":"closed","ping_status":"closed","template":"","meta":{"_acf_changed":false,"wp_mapbox_gl_js_media":[],"footnotes":""},"class_list":["post-10386","page","type-page","status-publish","has-post-thumbnail","hentry"],"acf":{"illustration_couleur":"","illustration_desktop":false,"illustration_mobile":false,"image_de_fond":false,"video_page":false,"titre":"","description":"","nom_de_la_page_liee":false,"schema_anime_titre":"Origin and production","schema_anime_texte":"<p style=\"text-align: center;\">Cognac is made from a subtle blend of eaux-de-vie of different ages and profiles. Produced on a unique terroir and in compliance with regulated specifications, the Cognac Geographical Indication (GI) is renowned for its outstanding quality and authenticity.<\/p>\n","schema_anime_fond":3740,"schema_anime_roue":4475,"texte_initial_interieur_titre":"Cognac at a glance","texte_initial_interieur_description":"click on the different steps","schema_anime":[{"pictogramme":"https:\/\/preprod.cognac.fr\/wp-content\/uploads\/picto-grappe.jpg","pictogramme_hover":"https:\/\/preprod.cognac.fr\/wp-content\/uploads\/picto-grappe-rol.jpg","pourcentage":"0","titre":"A selection of white grape varieties","description":"(mainly Ugni Blanc)","lien_vers_page_associee":{"title":"Learn more","url":"\/en\/discover\/the-cognac-region\/cognac-grapes-varieties\/","target":""}},{"pictogramme":"https:\/\/preprod.cognac.fr\/wp-content\/uploads\/picto-distillation.jpg","pictogramme_hover":"https:\/\/preprod.cognac.fr\/wp-content\/uploads\/picto-distillation-rol.jpg","pourcentage":"15","titre":"Double distillation using","description":"the traditional Charentais method","lien_vers_page_associee":{"title":"Learn more","url":"\/en\/discover\/expertise\/production\/#double-distillation","target":""}},{"pictogramme":"https:\/\/preprod.cognac.fr\/wp-content\/uploads\/picto-tonneau.jpg","pictogramme_hover":"https:\/\/preprod.cognac.fr\/wp-content\/uploads\/picto-tonneau-rol.jpg","pourcentage":"30","titre":"Continuous aging in oak barrels","description":"within the delimited region for at least 2 years","lien_vers_page_associee":{"title":"Learn more","url":"\/en\/discover\/expertise\/production\/#aging","target":""}},{"pictogramme":"https:\/\/preprod.cognac.fr\/wp-content\/uploads\/picto-assemblage.jpg","pictogramme_hover":"https:\/\/preprod.cognac.fr\/wp-content\/uploads\/picto-assemblage-rol.jpg","pourcentage":"50","titre":"A blend","description":"of eaux-de-vie of different ages and from different growing areas","lien_vers_page_associee":{"title":"Learn more","url":"\/en\/discover\/expertise\/production\/#blending","target":""}},{"pictogramme":"https:\/\/preprod.cognac.fr\/wp-content\/uploads\/picto-fiole.jpg","pictogramme_hover":"https:\/\/preprod.cognac.fr\/wp-content\/uploads\/picto-fiole-rol.jpg","pourcentage":"62","titre":"Bottled and shipped","description":"to nearly 160 countries","lien_vers_page_associee":{"title":"Learn more","url":"\/en\/discover\/a-unique-spirit\/cognac-in-figures\/","target":""}},{"pictogramme":"https:\/\/preprod.cognac.fr\/wp-content\/uploads\/picto-france.jpg","pictogramme_hover":"https:\/\/preprod.cognac.fr\/wp-content\/uploads\/picto-france-rol.jpg","pourcentage":"70","titre":"Cognac","description":"A vineyard, an outstanding spirit, a town","lien_vers_page_associee":{"title":"Learn more","url":"\/en\/discover\/a-unique-spirit\/a-protected-origin\/","target":""}},{"pictogramme":"https:\/\/preprod.cognac.fr\/wp-content\/uploads\/picto-region.jpg","pictogramme_hover":"https:\/\/preprod.cognac.fr\/wp-content\/uploads\/picto-region-rol.jpg","pourcentage":"84","titre":"A geographical indication","description":"spread out over 6 areas or crus","lien_vers_page_associee":{"title":"Learn more","url":"\/en\/discover\/the-cognac-region\/cognac-crus\/","target":""}}]},"yoast_head":"<!-- This site is optimized with the Yoast SEO plugin v24.7 - https:\/\/yoast.com\/wordpress\/plugins\/seo\/ -->\n<title>Cognac at a glance | Cognac<\/title>\n<meta name=\"description\" content=\"Cognac at a glance De l&#039;origine \u00e0 l&#039;\u00e9laboration du cognac, d\u00e9couvrir la qualit\u00e9 et l&#039;authenticit\u00e9 exceptionnelle de cette AOC.\" \/>\n<meta name=\"robots\" content=\"noindex, follow, max-snippet:-1, max-image-preview:large, max-video-preview:-1\" \/>\n<meta property=\"og:locale\" content=\"en_US\" \/>\n<meta property=\"og:type\" content=\"article\" \/>\n<meta property=\"og:title\" content=\"Cognac at a glance | Cognac\" \/>\n<meta property=\"og:description\" content=\"Cognac at a glance De l&#039;origine \u00e0 l&#039;\u00e9laboration du cognac, d\u00e9couvrir la qualit\u00e9 et l&#039;authenticit\u00e9 exceptionnelle de cette AOC.\" \/>\n<meta property=\"og:url\" content=\"https:\/\/preprod.cognac.fr\/en\/discover\/a-unique-spirit\/cognac-at-a-glance\/\" \/>\n<meta property=\"og:site_name\" content=\"Cognac\" \/>\n<meta property=\"article:modified_time\" content=\"2019-11-18T14:54:16+00:00\" \/>\n<meta property=\"og:image\" content=\"https:\/\/preprod.cognac.fr\/wp-content\/uploads\/champs_vert.jpg\" \/>\n\t<meta property=\"og:image:width\" content=\"1275\" \/>\n\t<meta property=\"og:image:height\" content=\"753\" \/>\n\t<meta property=\"og:image:type\" content=\"image\/jpeg\" \/>\n<meta name=\"twitter:card\" content=\"summary_large_image\" \/>\n<script type=\"application\/ld+json\" class=\"yoast-schema-graph\">{\"@context\":\"https:\/\/schema.org\",\"@graph\":[{\"@type\":\"WebPage\",\"@id\":\"https:\/\/preprod.cognac.fr\/en\/discover\/a-unique-spirit\/cognac-at-a-glance\/\",\"url\":\"https:\/\/preprod.cognac.fr\/en\/discover\/a-unique-spirit\/cognac-at-a-glance\/\",\"name\":\"Cognac at a glance | Cognac\",\"isPartOf\":{\"@id\":\"https:\/\/preprod.cognac.fr\/#website\"},\"primaryImageOfPage\":{\"@id\":\"https:\/\/preprod.cognac.fr\/en\/discover\/a-unique-spirit\/cognac-at-a-glance\/#primaryimage\"},\"image\":{\"@id\":\"https:\/\/preprod.cognac.fr\/en\/discover\/a-unique-spirit\/cognac-at-a-glance\/#primaryimage\"},\"thumbnailUrl\":\"https:\/\/preprod.cognac.fr\/wp-content\/uploads\/champs_vert.jpg\",\"datePublished\":\"2019-10-10T14:04:48+00:00\",\"dateModified\":\"2019-11-18T14:54:16+00:00\",\"description\":\"Cognac at a glance De l'origine \u00e0 l'\u00e9laboration du cognac, d\u00e9couvrir la qualit\u00e9 et l'authenticit\u00e9 exceptionnelle de cette AOC.\",\"breadcrumb\":{\"@id\":\"https:\/\/preprod.cognac.fr\/en\/discover\/a-unique-spirit\/cognac-at-a-glance\/#breadcrumb\"},\"inLanguage\":\"en-US\",\"potentialAction\":[{\"@type\":\"ReadAction\",\"target\":[\"https:\/\/preprod.cognac.fr\/en\/discover\/a-unique-spirit\/cognac-at-a-glance\/\"]}]},{\"@type\":\"ImageObject\",\"inLanguage\":\"en-US\",\"@id\":\"https:\/\/preprod.cognac.fr\/en\/discover\/a-unique-spirit\/cognac-at-a-glance\/#primaryimage\",\"url\":\"https:\/\/preprod.cognac.fr\/wp-content\/uploads\/champs_vert.jpg\",\"contentUrl\":\"https:\/\/preprod.cognac.fr\/wp-content\/uploads\/champs_vert.jpg\",\"width\":1275,\"height\":753},{\"@type\":\"BreadcrumbList\",\"@id\":\"https:\/\/preprod.cognac.fr\/en\/discover\/a-unique-spirit\/cognac-at-a-glance\/#breadcrumb\",\"itemListElement\":[{\"@type\":\"ListItem\",\"position\":1,\"name\":\"home\",\"item\":\"https:\/\/preprod.cognac.fr\/en\/\"},{\"@type\":\"ListItem\",\"position\":2,\"name\":\"Discover\",\"item\":\"https:\/\/preprod.cognac.fr\/en\/discover\/\"},{\"@type\":\"ListItem\",\"position\":3,\"name\":\"A unique spirit\",\"item\":\"https:\/\/preprod.cognac.fr\/discover\/a-unique-spirit\/\"},{\"@type\":\"ListItem\",\"position\":4,\"name\":\"Cognac at a glance\"}]},{\"@type\":\"WebSite\",\"@id\":\"https:\/\/preprod.cognac.fr\/#website\",\"url\":\"https:\/\/preprod.cognac.fr\/\",\"name\":\"Cognac\",\"description\":\"Cognac.fr - Le site officiel de la fili\u00e8re Cognac (BNIC)\",\"publisher\":{\"@id\":\"https:\/\/preprod.cognac.fr\/#organization\"},\"potentialAction\":[{\"@type\":\"SearchAction\",\"target\":{\"@type\":\"EntryPoint\",\"urlTemplate\":\"https:\/\/preprod.cognac.fr\/?s={search_term_string}\"},\"query-input\":{\"@type\":\"PropertyValueSpecification\",\"valueRequired\":true,\"valueName\":\"search_term_string\"}}],\"inLanguage\":\"en-US\"},{\"@type\":\"Organization\",\"@id\":\"https:\/\/preprod.cognac.fr\/#organization\",\"name\":\"Cognac\",\"url\":\"https:\/\/preprod.cognac.fr\/\",\"logo\":{\"@type\":\"ImageObject\",\"inLanguage\":\"en-US\",\"@id\":\"https:\/\/preprod.cognac.fr\/#\/schema\/logo\/image\/\",\"url\":\"https:\/\/preprod.cognac.fr\/wp-content\/uploads\/cognac-logo.jpg\",\"contentUrl\":\"https:\/\/preprod.cognac.fr\/wp-content\/uploads\/cognac-logo.jpg\",\"width\":200,\"height\":200,\"caption\":\"Cognac\"},\"image\":{\"@id\":\"https:\/\/preprod.cognac.fr\/#\/schema\/logo\/image\/\"}}]}<\/script>\n<!-- \/ Yoast SEO plugin. -->","yoast_head_json":{"title":"Cognac at a glance | Cognac","description":"Cognac at a glance De l'origine \u00e0 l'\u00e9laboration du cognac, d\u00e9couvrir la qualit\u00e9 et l'authenticit\u00e9 exceptionnelle de cette AOC.","robots":{"index":"noindex","follow":"follow","max-snippet":"max-snippet:-1","max-image-preview":"max-image-preview:large","max-video-preview":"max-video-preview:-1"},"og_locale":"en_US","og_type":"article","og_title":"Cognac at a glance | Cognac","og_description":"Cognac at a glance De l'origine \u00e0 l'\u00e9laboration du cognac, d\u00e9couvrir la qualit\u00e9 et l'authenticit\u00e9 exceptionnelle de cette AOC.","og_url":"https:\/\/preprod.cognac.fr\/en\/discover\/a-unique-spirit\/cognac-at-a-glance\/","og_site_name":"Cognac","article_modified_time":"2019-11-18T14:54:16+00:00","og_image":[{"width":1275,"height":753,"url":"https:\/\/preprod.cognac.fr\/wp-content\/uploads\/champs_vert.jpg","type":"image\/jpeg"}],"twitter_card":"summary_large_image","schema":{"@context":"https:\/\/schema.org","@graph":[{"@type":"WebPage","@id":"https:\/\/preprod.cognac.fr\/en\/discover\/a-unique-spirit\/cognac-at-a-glance\/","url":"https:\/\/preprod.cognac.fr\/en\/discover\/a-unique-spirit\/cognac-at-a-glance\/","name":"Cognac at a glance | Cognac","isPartOf":{"@id":"https:\/\/preprod.cognac.fr\/#website"},"primaryImageOfPage":{"@id":"https:\/\/preprod.cognac.fr\/en\/discover\/a-unique-spirit\/cognac-at-a-glance\/#primaryimage"},"image":{"@id":"https:\/\/preprod.cognac.fr\/en\/discover\/a-unique-spirit\/cognac-at-a-glance\/#primaryimage"},"thumbnailUrl":"https:\/\/preprod.cognac.fr\/wp-content\/uploads\/champs_vert.jpg","datePublished":"2019-10-10T14:04:48+00:00","dateModified":"2019-11-18T14:54:16+00:00","description":"Cognac at a glance De l'origine \u00e0 l'\u00e9laboration du cognac, d\u00e9couvrir la qualit\u00e9 et l'authenticit\u00e9 exceptionnelle de cette AOC.","breadcrumb":{"@id":"https:\/\/preprod.cognac.fr\/en\/discover\/a-unique-spirit\/cognac-at-a-glance\/#breadcrumb"},"inLanguage":"en-US","potentialAction":[{"@type":"ReadAction","target":["https:\/\/preprod.cognac.fr\/en\/discover\/a-unique-spirit\/cognac-at-a-glance\/"]}]},{"@type":"ImageObject","inLanguage":"en-US","@id":"https:\/\/preprod.cognac.fr\/en\/discover\/a-unique-spirit\/cognac-at-a-glance\/#primaryimage","url":"https:\/\/preprod.cognac.fr\/wp-content\/uploads\/champs_vert.jpg","contentUrl":"https:\/\/preprod.cognac.fr\/wp-content\/uploads\/champs_vert.jpg","width":1275,"height":753},{"@type":"BreadcrumbList","@id":"https:\/\/preprod.cognac.fr\/en\/discover\/a-unique-spirit\/cognac-at-a-glance\/#breadcrumb","itemListElement":[{"@type":"ListItem","position":1,"name":"home","item":"https:\/\/preprod.cognac.fr\/en\/"},{"@type":"ListItem","position":2,"name":"Discover","item":"https:\/\/preprod.cognac.fr\/en\/discover\/"},{"@type":"ListItem","position":3,"name":"A unique spirit","item":"https:\/\/preprod.cognac.fr\/discover\/a-unique-spirit\/"},{"@type":"ListItem","position":4,"name":"Cognac at a glance"}]},{"@type":"WebSite","@id":"https:\/\/preprod.cognac.fr\/#website","url":"https:\/\/preprod.cognac.fr\/","name":"Cognac","description":"Cognac.fr - Le site officiel de la fili\u00e8re Cognac (BNIC)","publisher":{"@id":"https:\/\/preprod.cognac.fr\/#organization"},"potentialAction":[{"@type":"SearchAction","target":{"@type":"EntryPoint","urlTemplate":"https:\/\/preprod.cognac.fr\/?s={search_term_string}"},"query-input":{"@type":"PropertyValueSpecification","valueRequired":true,"valueName":"search_term_string"}}],"inLanguage":"en-US"},{"@type":"Organization","@id":"https:\/\/preprod.cognac.fr\/#organization","name":"Cognac","url":"https:\/\/preprod.cognac.fr\/","logo":{"@type":"ImageObject","inLanguage":"en-US","@id":"https:\/\/preprod.cognac.fr\/#\/schema\/logo\/image\/","url":"https:\/\/preprod.cognac.fr\/wp-content\/uploads\/cognac-logo.jpg","contentUrl":"https:\/\/preprod.cognac.fr\/wp-content\/uploads\/cognac-logo.jpg","width":200,"height":200,"caption":"Cognac"},"image":{"@id":"https:\/\/preprod.cognac.fr\/#\/schema\/logo\/image\/"}}]}},"_links":{"self":[{"href":"https:\/\/preprod.cognac.fr\/en\/wp-json\/wp\/v2\/pages\/10386","targetHints":{"allow":["GET"]}}],"collection":[{"href":"https:\/\/preprod.cognac.fr\/en\/wp-json\/wp\/v2\/pages"}],"about":[{"href":"https:\/\/preprod.cognac.fr\/en\/wp-json\/wp\/v2\/types\/page"}],"author":[{"embeddable":true,"href":"https:\/\/preprod.cognac.fr\/en\/wp-json\/wp\/v2\/users\/5"}],"replies":[{"embeddable":true,"href":"https:\/\/preprod.cognac.fr\/en\/wp-json\/wp\/v2\/comments?post=10386"}],"version-history":[{"count":23,"href":"https:\/\/preprod.cognac.fr\/en\/wp-json\/wp\/v2\/pages\/10386\/revisions"}],"predecessor-version":[{"id":12639,"href":"https:\/\/preprod.cognac.fr\/en\/wp-json\/wp\/v2\/pages\/10386\/revisions\/12639"}],"up":[{"embeddable":true,"href":"https:\/\/preprod.cognac.fr\/en\/wp-json\/wp\/v2\/pages\/10410"}],"wp:featuredmedia":[{"embeddable":true,"href":"https:\/\/preprod.cognac.fr\/en\/wp-json\/wp\/v2\/media\/1195"}],"wp:attachment":[{"href":"https:\/\/preprod.cognac.fr\/en\/wp-json\/wp\/v2\/media?parent=10386"}],"curies":[{"name":"wp","href":"https:\/\/api.w.org\/{rel}","templated":true}]}}