{"id":10469,"date":"2019-10-10T21:39:25","date_gmt":"2019-10-10T19:39:25","guid":{"rendered":"https:\/\/preprod.cognac.fr\/discover\/le-vignoble\/les-crus-de-lappellation-cognac\/"},"modified":"2024-02-29T14:35:58","modified_gmt":"2024-02-29T13:35:58","slug":"cognac-crus","status":"publish","type":"page","link":"https:\/\/preprod.cognac.fr\/en\/discover\/the-cognac-region\/cognac-crus\/","title":{"rendered":"The various &#8220;crus&#8221; in the Cognac GI"},"content":{"rendered":"[vc_section][vc_row][vc_column][vc_row_inner][vc_column_inner]<div class=\"vc-cognac-map2-wrap test \"><div id=\"vc-cognac-map2\"><div id=\"mapbox-popinid-1\" class=\"mapbox-popinid\"><div class=\"mapbox-popinid-mask\"><\/div><div class=\"popup-cognac\"><div class=\"popup-cognac-content\"><a class=\"mapbox-popinid-close\"><img loading=\"lazy\" decoding=\"async\" src=\"https:\/\/preprod.cognac.fr\/wp-content\/themes\/label-agence-cognac\/images\/close-black.svg\" width=\"20\" height=\"20\" alt=\"close\"><\/a><h3 class=\"popin-title\">Grande champagne<\/h3><div class=\"popup-cognac-content-left\"><div class=\"popup-cognac-content-content\" style=\"background-image:url(https:\/\/preprod.cognac.fr\/wp-content\/uploads\/triptique-terre.jpg); background-size: 100%;\"><h3>Geology<\/h3>\n<p class=\"p1\">Home to the most famous Cognacs, particularly well-suited to aging in barrel.<\/p>\n<\/div><\/div><div class=\"popup-cognac-content-middle\"><div class=\"popup-cognac-content-content\" style=\"background-image:url(https:\/\/preprod.cognac.fr\/wp-content\/uploads\/triptique-champs.jpg); background-size: 100%;\"><h3>Characteristics<\/h3>\n<p>Fiert\u00e9<br \/>\nFinesse<br \/>\nDistinction<br \/>\nMontant<br \/>\nLongueur<br \/>\nSouplesse&#8230;<\/p>\n<\/div><\/div><div class=\"popup-cognac-content-right\"><div class=\"popup-cognac-content-content\" style=\"background-image:url(https:\/\/preprod.cognac.fr\/wp-content\/uploads\/triptique-figues.jpg); background-size: 100%;\"><h3>Aromas<\/h3>\n<p>Dominance florale,<br \/>\nfleur de vigne,<br \/>\ntilleul s\u00e9ch\u00e9,<br \/>\nsarment sec&#8230;<\/p>\n<\/div><\/div><\/div><\/div><\/div><div id=\"mapbox-popinid-2\" class=\"mapbox-popinid\"><div class=\"mapbox-popinid-mask\"><\/div><div class=\"popup-cognac\"><div class=\"popup-cognac-content\"><a class=\"mapbox-popinid-close\"><img loading=\"lazy\" decoding=\"async\" src=\"https:\/\/preprod.cognac.fr\/wp-content\/themes\/label-agence-cognac\/images\/close-black.svg\" width=\"20\" height=\"20\" alt=\"close\"><\/a><h3 class=\"popin-title\">Petite Champagne<\/h3><div class=\"popup-cognac-content-left\"><div class=\"popup-cognac-content-content\" style=\"background-image:url(https:\/\/preprod.cognac.fr\/wp-content\/uploads\/triptique-terre.jpg); background-size: 100%;\"><h3>Geology<\/h3>\n<p>Features the same soil type as in Grande Champagne. However, the influence of the oceanic climate is greater here.<\/p>\n<\/div><\/div><div class=\"popup-cognac-content-middle\"><div class=\"popup-cognac-content-content\" style=\"background-image:url(https:\/\/preprod.cognac.fr\/wp-content\/uploads\/triptique-champs.jpg); background-size: 100%;\"><h3>Characteristics<\/h3>\n<p>Fiert\u00e9<br \/>\nDistinction<br \/>\nSouplesse<br \/>\nL\u00e9g\u00e8ret\u00e9<\/p>\n<\/div><\/div><div class=\"popup-cognac-content-right\"><div class=\"popup-cognac-content-content\" style=\"background-image:url(https:\/\/preprod.cognac.fr\/wp-content\/uploads\/triptique-figues.jpg); background-size: 100%;\"><h3>Aromas<\/h3>\n<p>Floraux (fleur de vigne)<br \/>\net fruit\u00e9s<\/p>\n<\/div><\/div><\/div><\/div><\/div><div id=\"mapbox-popinid-3\" class=\"mapbox-popinid\"><div class=\"mapbox-popinid-mask\"><\/div><div class=\"popup-cognac\"><div class=\"popup-cognac-content\"><a class=\"mapbox-popinid-close\"><img loading=\"lazy\" decoding=\"async\" src=\"https:\/\/preprod.cognac.fr\/wp-content\/themes\/label-agence-cognac\/images\/close-black.svg\" width=\"20\" height=\"20\" alt=\"close\"><\/a><h3 class=\"popin-title\">Borderies<\/h3><div class=\"popup-cognac-content-left\"><div class=\"popup-cognac-content-content\" style=\"background-image:url(https:\/\/preprod.cognac.fr\/wp-content\/uploads\/triptique-terre.jpg); background-size: 100%;\"><h3>Geology<\/h3>\n<p>The soil is decalcified on the surface. Produces very aromatic Cognacs that age more quickly than those from the Champagnes.<\/p>\n<\/div><\/div><div class=\"popup-cognac-content-middle\"><div class=\"popup-cognac-content-content\" style=\"background-image:url(https:\/\/preprod.cognac.fr\/wp-content\/uploads\/triptique-champs.jpg); background-size: 100%;\"><h3>Characteristics<\/h3>\n<p>Finesse<br \/>\nL\u00e9g\u00e8ret\u00e9<br \/>\nLongueur<\/p>\n<\/div><\/div><div class=\"popup-cognac-content-right\"><div class=\"popup-cognac-content-content\" style=\"background-image:url(https:\/\/preprod.cognac.fr\/wp-content\/uploads\/triptique-figues.jpg); background-size: 100%;\"><h3>Aromas<\/h3>\n<p>Dominance florale,<br \/>\nviolette,<br \/>\niris<\/p>\n<\/div><\/div><\/div><\/div><\/div><div id=\"mapbox-popinid-4\" class=\"mapbox-popinid\"><div class=\"mapbox-popinid-mask\"><\/div><div class=\"popup-cognac\"><div class=\"popup-cognac-content\"><a class=\"mapbox-popinid-close\"><img loading=\"lazy\" decoding=\"async\" src=\"https:\/\/preprod.cognac.fr\/wp-content\/themes\/label-agence-cognac\/images\/close-black.svg\" width=\"20\" height=\"20\" alt=\"close\"><\/a><h3 class=\"popin-title\">Fins Bois<\/h3><div class=\"popup-cognac-content-left\"><div class=\"popup-cognac-content-content\" style=\"background-image:url(https:\/\/preprod.cognac.fr\/wp-content\/uploads\/triptique-terre.jpg); background-size: 100%;\"><h3>Geology<\/h3>\n<p>In the north, the soil consists of &#8220;groies&#8221;, or thin clay-limestone (from the Jurassic period). In the south, the soil dates back to the Cretaceous and Tertiary periods. Cognacs produced here are less well-structured and age faster than those in the Champagnes.<\/p>\n<\/div><\/div><div class=\"popup-cognac-content-middle\"><div class=\"popup-cognac-content-content\" style=\"background-image:url(https:\/\/preprod.cognac.fr\/wp-content\/uploads\/triptique-champs.jpg); background-size: 100%;\"><h3>Characteristics<\/h3>\n<p>Intensit\u00e9 odorante importante,<br \/>\nrondeur, onctuosit\u00e9<\/p>\n<\/div><\/div><div class=\"popup-cognac-content-right\"><div class=\"popup-cognac-content-content\" style=\"background-image:url(https:\/\/preprod.cognac.fr\/wp-content\/uploads\/triptique-figues.jpg); background-size: 100%;\"><h3>Aromas<\/h3>\n<p>Dominance fruit\u00e9e (raisin press\u00e9),<br \/>\nl\u00e9g\u00e8re odeur florale (fleur de vigne)<\/p>\n<\/div><\/div><\/div><\/div><\/div><div id=\"mapbox-popinid-5\" class=\"mapbox-popinid\"><div class=\"mapbox-popinid-mask\"><\/div><div class=\"popup-cognac\"><div class=\"popup-cognac-content\"><a class=\"mapbox-popinid-close\"><img loading=\"lazy\" decoding=\"async\" src=\"https:\/\/preprod.cognac.fr\/wp-content\/themes\/label-agence-cognac\/images\/close-black.svg\" width=\"20\" height=\"20\" alt=\"close\"><\/a><h3 class=\"popin-title\">Bons Bois<\/h3><div class=\"popup-cognac-content-left\"><div class=\"popup-cognac-content-content\" style=\"background-image:url(https:\/\/preprod.cognac.fr\/wp-content\/uploads\/triptique-terre.jpg); background-size: 100%;\"><h3>Geology<\/h3>\n<p class=\"p1\">A more heterogeneous appellation with formations dating back to the Jurassic and Cretaceous periods. The climate is oceanic in the west and continental in the east. A wide variety of Cognacs are grown here.<\/p>\n<\/div><\/div><div class=\"popup-cognac-content-middle\"><div class=\"popup-cognac-content-content\" style=\"background-image:url(https:\/\/preprod.cognac.fr\/wp-content\/uploads\/triptique-champs.jpg); background-size: 100%;\"><h3>Characteristics<\/h3>\n<p>Apparition de go\u00fbt de &#8220;terroir&#8221;<\/p>\n<\/div><\/div><div class=\"popup-cognac-content-right\"><div class=\"popup-cognac-content-content\" style=\"background-image:url(https:\/\/preprod.cognac.fr\/wp-content\/uploads\/triptique-figues.jpg); background-size: 100%;\"><h3>Aromas<\/h3>\n<p>Fruit\u00e9s (raisin press\u00e9)<\/p>\n<\/div><\/div><\/div><\/div><\/div><div id=\"mapbox-popinid-6\" class=\"mapbox-popinid\"><div class=\"mapbox-popinid-mask\"><\/div><div class=\"popup-cognac\"><div class=\"popup-cognac-content\"><a class=\"mapbox-popinid-close\"><img loading=\"lazy\" decoding=\"async\" src=\"https:\/\/preprod.cognac.fr\/wp-content\/themes\/label-agence-cognac\/images\/close-black.svg\" width=\"20\" height=\"20\" alt=\"close\"><\/a><h3 class=\"popin-title\">Bois Ordinaires ou Bois \u00e0 Terroirs<\/h3><div class=\"popup-cognac-content-left\"><div class=\"popup-cognac-content-content\" style=\"background-image:url(https:\/\/preprod.cognac.fr\/wp-content\/uploads\/triptique-terre.jpg); background-size: 100%;\"><h3>Geology<\/h3>\n<p class=\"p1\">This appellation covers the coast and two neighboring islands, resulting in Cognacs strongly influenced by the Atlantic Ocean.<\/p>\n<\/div><\/div><div class=\"popup-cognac-content-middle\"><div class=\"popup-cognac-content-content\" style=\"background-image:url(https:\/\/preprod.cognac.fr\/wp-content\/uploads\/triptique-champs.jpg); background-size: 100%;\"><h3>Characteristics<\/h3>\n<p>Go\u00fbt de &#8220;terroir&#8221; caract\u00e9ris\u00e9<br \/>\n(influence de l&#8217;Atlantique)<\/p>\n<\/div><\/div><div class=\"popup-cognac-content-right\"><div class=\"popup-cognac-content-content\" style=\"background-image:url(https:\/\/preprod.cognac.fr\/wp-content\/uploads\/triptique-figues.jpg); background-size: 100%;\"><h3>Aromas<\/h3>\n<p class=\"p1\"><span class=\"s1\">Fruit\u00e9s<\/span><\/p>\n<\/div><\/div><\/div><\/div><\/div><\/div><div id=\"vc-cognac-map2-menu\"><ul><li style=\"width: 16.666666666667%;\"><div class=\"hover-picto\"><div class=\"hover-picto-in\"><\/div><\/div><a data-map2menulink=\"mapbox-popinid-1\"><span class=\"menu-picto\" style=\"background-image:url(https:\/\/preprod.cognac.fr\/wp-content\/uploads\/grandechampagne.png);\"><\/span><span class=\"menu-title\">Grande champagne<\/span><\/a><\/li><li style=\"width: 16.666666666667%;\"><div class=\"hover-picto\"><div class=\"hover-picto-in\"><\/div><\/div><a data-map2menulink=\"mapbox-popinid-2\"><span class=\"menu-picto\" style=\"background-image:url(https:\/\/preprod.cognac.fr\/wp-content\/uploads\/petitechampagne.png);\"><\/span><span class=\"menu-title\">Petite Champagne<\/span><\/a><\/li><li style=\"width: 16.666666666667%;\"><div class=\"hover-picto\"><div class=\"hover-picto-in\"><\/div><\/div><a data-map2menulink=\"mapbox-popinid-3\"><span class=\"menu-picto\" style=\"background-image:url(https:\/\/preprod.cognac.fr\/wp-content\/uploads\/borderie.png);\"><\/span><span class=\"menu-title\">Borderies<\/span><\/a><\/li><li style=\"width: 16.666666666667%;\"><div class=\"hover-picto\"><div class=\"hover-picto-in\"><\/div><\/div><a data-map2menulink=\"mapbox-popinid-4\"><span class=\"menu-picto\" style=\"background-image:url(https:\/\/preprod.cognac.fr\/wp-content\/uploads\/finbois.png);\"><\/span><span class=\"menu-title\">Fins Bois<\/span><\/a><\/li><li style=\"width: 16.666666666667%;\"><div class=\"hover-picto\"><div class=\"hover-picto-in\"><\/div><\/div><a data-map2menulink=\"mapbox-popinid-5\"><span class=\"menu-picto\" style=\"background-image:url(https:\/\/preprod.cognac.fr\/wp-content\/uploads\/bonsbois.png);\"><\/span><span class=\"menu-title\">Bons Bois<\/span><\/a><\/li><li style=\"width: 16.666666666667%;\"><div class=\"hover-picto\"><div class=\"hover-picto-in\"><\/div><\/div><a data-map2menulink=\"mapbox-popinid-6\"><span class=\"menu-picto\" style=\"background-image:url(https:\/\/preprod.cognac.fr\/wp-content\/uploads\/boisaterroirs.png);\"><\/span><span class=\"menu-title\">Bois Ordinaires ou Bois \u00e0 Terroirs<\/span><\/a><\/li><\/ul><\/div><\/div>[\/vc_column_inner][\/vc_row_inner][\/vc_column][\/vc_row][\/vc_section][vc_section full_width_section=&#8221;non&#8221;][vc_row][vc_column width=&#8221;1\/3&#8243;][\/vc_column][vc_column width=&#8221;1\/3&#8243;][vc_empty_space height=&#8221;30px&#8221;]<div class=\"vc-cognac-btn-wrap btn-centre\"><div class=\"vc-cognac-btn-content\"><div class=\"vc-cognac-btn-content-content\"><span class=\"knowMore\"><a href=\"https:\/\/www.cognac.fr\/wp-content\/uploads\/20240227_carte_des_crus_700x500mm_uk_vect_moyennes_grandes_communes.pdf\" target=\" _blank\" rel=\"\"><span class=\"knowMoreMask\"><\/span><span class=\"knowMoreLink\">Download growing areas map<\/span><\/a><\/span><\/div><\/div><\/div>[\/vc_column][vc_column width=&#8221;1\/3&#8243;][\/vc_column][\/vc_row][vc_row][vc_column][vc_row_inner][vc_column_inner]<div class=\"vc-cognac-chapeau-wrap\"><div class=\"vc-cognac-chapeau-content size-grande\"><p>Since it is a <a href=\"https:\/\/preprod.cognac.fr\/decouvrir\/spiritueux-unique\/une-origine-controlee\/\">Geographical Indication (GI)<\/a>, Cognac can only be produced within a delimited geographical area, defined by the French decree of 1 May 1909. The &#8220;Cognac&#8221;, &#8220;Eau-de-vie de Cognac&#8221;, and &#8220;Eau-de-vie des Charentes&#8221; appellations are exclusively restricted to wine spirits grown and distilled within the defined regions of Charente-Maritime and Charente, as well as several villages in the Dordogne and Deux-S\u00e8vres departments.<\/p>\n<\/div><\/div><div class=\"vc-cognac-encadre-wrap\"><h3 class=\"vc-cognac-encadre-title\">Keys figures<\/h3><div class=\"vc-cognac-encadre-content\"><div class=\"vc-cognac-encadre-image\"><p>{<\/p><\/div><div class=\"vc-cognac-encadre-content-content\"><ul>\n<li><em>Vineyard stretching out over 86,182 hectares<\/em><\/li>\n<li><em>1 white wine region in France<\/em><\/li>\n<li><em>10% of the total French vineyard area<\/em><\/li>\n<li><em>19 hectares, average area under vine of each wine estate<\/em><\/li>\n<\/ul>\n<\/div><\/div><\/div>[\/vc_column_inner][\/vc_row_inner][\/vc_column][\/vc_row][\/vc_section][vc_section full_width_section=&#8221;non&#8221;][vc_row][vc_column][vc_row_inner css=&#8221;.vc_custom_1560521782472{background-color: #f3f5f4 !important;}&#8221;][vc_column_inner width=&#8221;1\/4&#8243;][\/vc_column_inner][vc_column_inner width=&#8221;1\/2&#8243;][vc_column_text]\n<h3 style=\"text-align: center;\"><span style=\"color: #205f4c;\"><strong>Henri Coquand: the first man to map out the different &#8220;crus&#8221;<\/strong><\/span><\/h3>\n<p>&nbsp;<\/p>\n<p><span style=\"color: #205f4c;\">Henri Coquand (1813-1881), a geology professor, studied the Cognac region&#8217;s soil and terroir in the 19th century and, with the help of a knowledgeable taster, classified the various soils according to the type of eau-de-vie they produced. This led to the definition of various Cognac producing areas in around 1860 and served as the basis for the decree of 13 January 1938, setting the boundaries of these areas.<\/span>[\/vc_column_text][\/vc_column_inner][vc_column_inner width=&#8221;1\/4&#8243;][\/vc_column_inner][\/vc_row_inner][\/vc_column][\/vc_row][\/vc_section]\n","protected":false},"excerpt":{"rendered":"<p>[vc_section][vc_row][vc_column][vc_row_inner][vc_column_inner][\/vc_column_inner][\/vc_row_inner][\/vc_column][\/vc_row][\/vc_section][vc_section full_width_section=&#8221;non&#8221;][vc_row][vc_column width=&#8221;1\/3&#8243;][\/vc_column][vc_column width=&#8221;1\/3&#8243;][vc_empty_space height=&#8221;30px&#8221;][\/vc_column][vc_column width=&#8221;1\/3&#8243;][\/vc_column][\/vc_row][vc_row][vc_column][vc_row_inner][vc_column_inner][\/vc_column_inner][\/vc_row_inner][\/vc_column][\/vc_row][\/vc_section][vc_section full_width_section=&#8221;non&#8221;][vc_row][vc_column][vc_row_inner css=&#8221;.vc_custom_1560521782472{background-color: #f3f5f4 !important;}&#8221;][vc_column_inner width=&#8221;1\/4&#8243;][\/vc_column_inner][vc_column_inner width=&#8221;1\/2&#8243;][vc_column_text] Henri Coquand: the first man to map out the different &#8220;crus&#8221; &nbsp; Henri Coquand (1813-1881), a geology professor, studied the Cognac region&#8217;s soil and terroir in the 19th century and, with the help of a knowledgeable taster, classified&hellip;<\/p>\n","protected":false},"author":5,"featured_media":9465,"parent":10462,"menu_order":1,"comment_status":"closed","ping_status":"closed","template":"","meta":{"_acf_changed":false,"wp_mapbox_gl_js_media":[],"footnotes":""},"class_list":["post-10469","page","type-page","status-publish","has-post-thumbnail","hentry"],"acf":{"illustration_couleur":"","illustration_desktop":false,"illustration_mobile":false,"image_de_fond":"https:\/\/preprod.cognac.fr\/wp-content\/uploads\/g\u00e9ologie-territoire-calcaire-cognac.jpg","video_page":false,"titre":"","description":"","nom_de_la_page_liee":false},"yoast_head":"<!-- This site is optimized with the Yoast SEO plugin v24.7 - https:\/\/yoast.com\/wordpress\/plugins\/seo\/ -->\n<title>Cognac crus<\/title>\n<meta name=\"description\" content=\"Since it is a protected designation of origin (PDO), Cognac can only be produced within a delimited geographical area.\" \/>\n<meta name=\"robots\" content=\"noindex, follow, max-snippet:-1, max-image-preview:large, max-video-preview:-1\" \/>\n<meta property=\"og:locale\" content=\"en_US\" \/>\n<meta property=\"og:type\" content=\"article\" \/>\n<meta property=\"og:title\" content=\"Cognac crus\" \/>\n<meta property=\"og:description\" content=\"Since it is a protected designation of origin (PDO), Cognac can only be produced within a delimited geographical area.\" \/>\n<meta property=\"og:url\" content=\"https:\/\/preprod.cognac.fr\/en\/discover\/the-cognac-region\/cognac-crus\/\" \/>\n<meta property=\"og:site_name\" content=\"Cognac\" \/>\n<meta property=\"article:modified_time\" content=\"2024-02-29T13:35:58+00:00\" \/>\n<meta property=\"og:image\" content=\"https:\/\/preprod.cognac.fr\/wp-content\/uploads\/g\u00e9ologie-territoire-calcaire-cognac.jpg\" \/>\n\t<meta property=\"og:image:width\" content=\"1275\" \/>\n\t<meta property=\"og:image:height\" content=\"753\" \/>\n\t<meta property=\"og:image:type\" content=\"image\/jpeg\" \/>\n<meta name=\"twitter:card\" content=\"summary_large_image\" \/>\n<meta name=\"twitter:label1\" content=\"Est. reading time\" \/>\n\t<meta name=\"twitter:data1\" content=\"1 minute\" \/>\n<script type=\"application\/ld+json\" class=\"yoast-schema-graph\">{\"@context\":\"https:\/\/schema.org\",\"@graph\":[{\"@type\":\"WebPage\",\"@id\":\"https:\/\/preprod.cognac.fr\/en\/discover\/the-cognac-region\/cognac-crus\/\",\"url\":\"https:\/\/preprod.cognac.fr\/en\/discover\/the-cognac-region\/cognac-crus\/\",\"name\":\"Cognac crus\",\"isPartOf\":{\"@id\":\"https:\/\/preprod.cognac.fr\/#website\"},\"primaryImageOfPage\":{\"@id\":\"https:\/\/preprod.cognac.fr\/en\/discover\/the-cognac-region\/cognac-crus\/#primaryimage\"},\"image\":{\"@id\":\"https:\/\/preprod.cognac.fr\/en\/discover\/the-cognac-region\/cognac-crus\/#primaryimage\"},\"thumbnailUrl\":\"https:\/\/preprod.cognac.fr\/wp-content\/uploads\/g\u00e9ologie-territoire-calcaire-cognac.jpg\",\"datePublished\":\"2019-10-10T19:39:25+00:00\",\"dateModified\":\"2024-02-29T13:35:58+00:00\",\"description\":\"Since it is a protected designation of origin (PDO), Cognac can only be produced within a delimited geographical area.\",\"breadcrumb\":{\"@id\":\"https:\/\/preprod.cognac.fr\/en\/discover\/the-cognac-region\/cognac-crus\/#breadcrumb\"},\"inLanguage\":\"en-US\",\"potentialAction\":[{\"@type\":\"ReadAction\",\"target\":[\"https:\/\/preprod.cognac.fr\/en\/discover\/the-cognac-region\/cognac-crus\/\"]}]},{\"@type\":\"ImageObject\",\"inLanguage\":\"en-US\",\"@id\":\"https:\/\/preprod.cognac.fr\/en\/discover\/the-cognac-region\/cognac-crus\/#primaryimage\",\"url\":\"https:\/\/preprod.cognac.fr\/wp-content\/uploads\/g\u00e9ologie-territoire-calcaire-cognac.jpg\",\"contentUrl\":\"https:\/\/preprod.cognac.fr\/wp-content\/uploads\/g\u00e9ologie-territoire-calcaire-cognac.jpg\",\"width\":1275,\"height\":753,\"caption\":\"g\u00e9ologie-territoire-calcaire-cognac\"},{\"@type\":\"BreadcrumbList\",\"@id\":\"https:\/\/preprod.cognac.fr\/en\/discover\/the-cognac-region\/cognac-crus\/#breadcrumb\",\"itemListElement\":[{\"@type\":\"ListItem\",\"position\":1,\"name\":\"home\",\"item\":\"https:\/\/preprod.cognac.fr\/en\/\"},{\"@type\":\"ListItem\",\"position\":2,\"name\":\"Discover\",\"item\":\"https:\/\/preprod.cognac.fr\/en\/discover\/\"},{\"@type\":\"ListItem\",\"position\":3,\"name\":\"Le vignoble\",\"item\":\"https:\/\/preprod.cognac.fr\/en\/discover\/the-cognac-region\/\"},{\"@type\":\"ListItem\",\"position\":4,\"name\":\"The various \u00ab\u00a0crus\u00a0\u00bb in the Cognac GI\"}]},{\"@type\":\"WebSite\",\"@id\":\"https:\/\/preprod.cognac.fr\/#website\",\"url\":\"https:\/\/preprod.cognac.fr\/\",\"name\":\"Cognac\",\"description\":\"Cognac.fr - Le site officiel de la fili\u00e8re Cognac (BNIC)\",\"publisher\":{\"@id\":\"https:\/\/preprod.cognac.fr\/#organization\"},\"potentialAction\":[{\"@type\":\"SearchAction\",\"target\":{\"@type\":\"EntryPoint\",\"urlTemplate\":\"https:\/\/preprod.cognac.fr\/?s={search_term_string}\"},\"query-input\":{\"@type\":\"PropertyValueSpecification\",\"valueRequired\":true,\"valueName\":\"search_term_string\"}}],\"inLanguage\":\"en-US\"},{\"@type\":\"Organization\",\"@id\":\"https:\/\/preprod.cognac.fr\/#organization\",\"name\":\"Cognac\",\"url\":\"https:\/\/preprod.cognac.fr\/\",\"logo\":{\"@type\":\"ImageObject\",\"inLanguage\":\"en-US\",\"@id\":\"https:\/\/preprod.cognac.fr\/#\/schema\/logo\/image\/\",\"url\":\"https:\/\/preprod.cognac.fr\/wp-content\/uploads\/cognac-logo.jpg\",\"contentUrl\":\"https:\/\/preprod.cognac.fr\/wp-content\/uploads\/cognac-logo.jpg\",\"width\":200,\"height\":200,\"caption\":\"Cognac\"},\"image\":{\"@id\":\"https:\/\/preprod.cognac.fr\/#\/schema\/logo\/image\/\"}}]}<\/script>\n<!-- \/ Yoast SEO plugin. -->","yoast_head_json":{"title":"Cognac crus","description":"Since it is a protected designation of origin (PDO), Cognac can only be produced within a delimited geographical area.","robots":{"index":"noindex","follow":"follow","max-snippet":"max-snippet:-1","max-image-preview":"max-image-preview:large","max-video-preview":"max-video-preview:-1"},"og_locale":"en_US","og_type":"article","og_title":"Cognac crus","og_description":"Since it is a protected designation of origin (PDO), Cognac can only be produced within a delimited geographical area.","og_url":"https:\/\/preprod.cognac.fr\/en\/discover\/the-cognac-region\/cognac-crus\/","og_site_name":"Cognac","article_modified_time":"2024-02-29T13:35:58+00:00","og_image":[{"width":1275,"height":753,"url":"https:\/\/preprod.cognac.fr\/wp-content\/uploads\/g\u00e9ologie-territoire-calcaire-cognac.jpg","type":"image\/jpeg"}],"twitter_card":"summary_large_image","twitter_misc":{"Est. reading time":"1 minute"},"schema":{"@context":"https:\/\/schema.org","@graph":[{"@type":"WebPage","@id":"https:\/\/preprod.cognac.fr\/en\/discover\/the-cognac-region\/cognac-crus\/","url":"https:\/\/preprod.cognac.fr\/en\/discover\/the-cognac-region\/cognac-crus\/","name":"Cognac crus","isPartOf":{"@id":"https:\/\/preprod.cognac.fr\/#website"},"primaryImageOfPage":{"@id":"https:\/\/preprod.cognac.fr\/en\/discover\/the-cognac-region\/cognac-crus\/#primaryimage"},"image":{"@id":"https:\/\/preprod.cognac.fr\/en\/discover\/the-cognac-region\/cognac-crus\/#primaryimage"},"thumbnailUrl":"https:\/\/preprod.cognac.fr\/wp-content\/uploads\/g\u00e9ologie-territoire-calcaire-cognac.jpg","datePublished":"2019-10-10T19:39:25+00:00","dateModified":"2024-02-29T13:35:58+00:00","description":"Since it is a protected designation of origin (PDO), Cognac can only be produced within a delimited geographical area.","breadcrumb":{"@id":"https:\/\/preprod.cognac.fr\/en\/discover\/the-cognac-region\/cognac-crus\/#breadcrumb"},"inLanguage":"en-US","potentialAction":[{"@type":"ReadAction","target":["https:\/\/preprod.cognac.fr\/en\/discover\/the-cognac-region\/cognac-crus\/"]}]},{"@type":"ImageObject","inLanguage":"en-US","@id":"https:\/\/preprod.cognac.fr\/en\/discover\/the-cognac-region\/cognac-crus\/#primaryimage","url":"https:\/\/preprod.cognac.fr\/wp-content\/uploads\/g\u00e9ologie-territoire-calcaire-cognac.jpg","contentUrl":"https:\/\/preprod.cognac.fr\/wp-content\/uploads\/g\u00e9ologie-territoire-calcaire-cognac.jpg","width":1275,"height":753,"caption":"g\u00e9ologie-territoire-calcaire-cognac"},{"@type":"BreadcrumbList","@id":"https:\/\/preprod.cognac.fr\/en\/discover\/the-cognac-region\/cognac-crus\/#breadcrumb","itemListElement":[{"@type":"ListItem","position":1,"name":"home","item":"https:\/\/preprod.cognac.fr\/en\/"},{"@type":"ListItem","position":2,"name":"Discover","item":"https:\/\/preprod.cognac.fr\/en\/discover\/"},{"@type":"ListItem","position":3,"name":"Le vignoble","item":"https:\/\/preprod.cognac.fr\/en\/discover\/the-cognac-region\/"},{"@type":"ListItem","position":4,"name":"The various \u00ab\u00a0crus\u00a0\u00bb in the Cognac GI"}]},{"@type":"WebSite","@id":"https:\/\/preprod.cognac.fr\/#website","url":"https:\/\/preprod.cognac.fr\/","name":"Cognac","description":"Cognac.fr - Le site officiel de la fili\u00e8re Cognac (BNIC)","publisher":{"@id":"https:\/\/preprod.cognac.fr\/#organization"},"potentialAction":[{"@type":"SearchAction","target":{"@type":"EntryPoint","urlTemplate":"https:\/\/preprod.cognac.fr\/?s={search_term_string}"},"query-input":{"@type":"PropertyValueSpecification","valueRequired":true,"valueName":"search_term_string"}}],"inLanguage":"en-US"},{"@type":"Organization","@id":"https:\/\/preprod.cognac.fr\/#organization","name":"Cognac","url":"https:\/\/preprod.cognac.fr\/","logo":{"@type":"ImageObject","inLanguage":"en-US","@id":"https:\/\/preprod.cognac.fr\/#\/schema\/logo\/image\/","url":"https:\/\/preprod.cognac.fr\/wp-content\/uploads\/cognac-logo.jpg","contentUrl":"https:\/\/preprod.cognac.fr\/wp-content\/uploads\/cognac-logo.jpg","width":200,"height":200,"caption":"Cognac"},"image":{"@id":"https:\/\/preprod.cognac.fr\/#\/schema\/logo\/image\/"}}]}},"_links":{"self":[{"href":"https:\/\/preprod.cognac.fr\/en\/wp-json\/wp\/v2\/pages\/10469","targetHints":{"allow":["GET"]}}],"collection":[{"href":"https:\/\/preprod.cognac.fr\/en\/wp-json\/wp\/v2\/pages"}],"about":[{"href":"https:\/\/preprod.cognac.fr\/en\/wp-json\/wp\/v2\/types\/page"}],"author":[{"embeddable":true,"href":"https:\/\/preprod.cognac.fr\/en\/wp-json\/wp\/v2\/users\/5"}],"replies":[{"embeddable":true,"href":"https:\/\/preprod.cognac.fr\/en\/wp-json\/wp\/v2\/comments?post=10469"}],"version-history":[{"count":20,"href":"https:\/\/preprod.cognac.fr\/en\/wp-json\/wp\/v2\/pages\/10469\/revisions"}],"predecessor-version":[{"id":41517,"href":"https:\/\/preprod.cognac.fr\/en\/wp-json\/wp\/v2\/pages\/10469\/revisions\/41517"}],"up":[{"embeddable":true,"href":"https:\/\/preprod.cognac.fr\/en\/wp-json\/wp\/v2\/pages\/10462"}],"wp:featuredmedia":[{"embeddable":true,"href":"https:\/\/preprod.cognac.fr\/en\/wp-json\/wp\/v2\/media\/9465"}],"wp:attachment":[{"href":"https:\/\/preprod.cognac.fr\/en\/wp-json\/wp\/v2\/media?parent=10469"}],"curies":[{"name":"wp","href":"https:\/\/api.w.org\/{rel}","templated":true}]}}