{"id":11805,"date":"2019-10-23T18:13:49","date_gmt":"2019-10-23T16:13:49","guid":{"rendered":"https:\/\/preprod.cognac.fr\/tasting\/drinking-cognac\/en-degustation\/"},"modified":"2019-10-24T12:08:59","modified_gmt":"2019-10-24T10:08:59","slug":"tasting-cognac","status":"publish","type":"page","link":"https:\/\/preprod.cognac.fr\/en\/tasting\/drinking-cognac\/tasting-cognac\/","title":{"rendered":"TASTING COGNAC"},"content":{"rendered":"[vc_section full_width_section=&#8221;non&#8221; css=&#8221;.vc_custom_1567986228407{background-color: #ffffff !important;background-position: center !important;background-repeat: no-repeat !important;background-size: cover !important;}&#8221;][vc_row css_animation=&#8221;fadeInUp&#8221;][vc_column css=&#8221;.vc_custom_1563978794494{padding-top: 40px !important;}&#8221;]<div class=\"vc-cognac-slider-wrap vc-cognac-slider-size-normal\"><div class=\"vc-cognac-slider-content\"><div class=\"vc-cognac-slider-content-img\"><img loading=\"lazy\" decoding=\"async\" width=\"1275\" height=\"758\" src=\"https:\/\/preprod.cognac.fr\/wp-content\/uploads\/degustation-cognac-sur-glace.jpg\" class=\"aligncenter\" alt=\"\" \/><\/div><div class=\"vc-cognac-slider-content-content vc-cognac-slider-content-content-gauche\" style=\"background: #cc270b;\"><div class=\"vc-cognac-slider-paginate no-paginate-slider\"><div class=\"vc-cognac-slider-pager-prev vc-cognac-slider-pager-prev-686\"><span>&lsaquo;<\/span><\/div><div class=\"vc-cognac-slider-pager-next vc-cognac-slider-pager-next-686\"><span><img decoding=\"async\" src=\"https:\/\/preprod.cognac.fr\/wp-content\/themes\/label-agence-cognac\/images\/flecheslide.svg\"><\/span><\/div><div class=\"vc-cognac-slider-pager vc-cognac-slider-pager-686\"><\/div><\/div><ul id=\"visual-slider-686\" class=\"cycle-slideshow ptb_MetaboxImages-slider\" data-cycle-auto-height=\"calc\" data-cycle-fx=\"fade\" data-cycle-timeout=\"0\" data-cycle-slides=\"> li\" data-cycle-pause-on-hover=\"false\" data-cycle-log=\"false\" data-cycle-loader=\"false\" data-cycle-pager=\".vc-cognac-slider-pager-686\" data-cycle-prev=\".vc-cognac-slider-pager-prev-686\" data-cycle-next=\".vc-cognac-slider-pager-next-686\"><li><div class=\"vc-cognac-slider-item-content1\"><h3 class=\"vc-cognac-slider-item-title\">Frozen Cognac<span><\/span><\/h3><div class=\"vc-cognac-slider-item-content\"><p>Cognac served &#8220;on the rocks&#8221; is ideal as an aperitif regardless of the purists who consider it disrespectful to &#8220;pollute&#8221; it. A VSOP Cognac for instance is particularly delicious served this way. The cold temperature reduces the impression of alcoholic power of the Cognac while releasing its myriad candied and dried fruit aromas.<\/p>\n<\/div><\/div><div class=\"vc-cognac-slider-item-content2\" style=\"background: #cc270b;\"><div class=\"vc-cognac-slider-item-content2-left\"><h3 class=\"vc-cognac-slider-item-title\">Recipe<span>of the expert<\/span><\/h3><\/div><div class=\"vc-cognac-slider-item-content2-right\"><p>1.\tFor 2cl Cognac into a tumbler,<br \/>\n2.\tadd several ice cubes,<br \/>\n3.\tstir gently,<br \/>\n4.\tand taste. <\/p>\n<\/div><\/div><\/li><\/ul><\/div><\/div><\/div>[\/vc_column][\/vc_row][vc_row css_animation=&#8221;fadeInUp&#8221;][vc_column css=&#8221;.vc_custom_1563978794494{padding-top: 40px !important;}&#8221;][vc_empty_space][\/vc_column][\/vc_row][vc_row css_animation=&#8221;fadeInUp&#8221;][vc_column css=&#8221;.vc_custom_1563978794494{padding-top: 40px !important;}&#8221;]<div class=\"vc-cognac-slider-wrap vc-cognac-slider-size-normal\"><div class=\"vc-cognac-slider-content\"><div class=\"vc-cognac-slider-content-img\"><img loading=\"lazy\" decoding=\"async\" width=\"1275\" height=\"753\" src=\"https:\/\/preprod.cognac.fr\/wp-content\/uploads\/cognac-dessert-creme-brulee.jpg\" class=\"aligncenter\" alt=\"cognac-dessert-creme-brulee\" \/><\/div><div class=\"vc-cognac-slider-content-content vc-cognac-slider-content-content-gauche\" style=\"background: #cc270b;\"><div class=\"vc-cognac-slider-paginate no-paginate-slider\"><div class=\"vc-cognac-slider-pager-prev vc-cognac-slider-pager-prev-507\"><span>&lsaquo;<\/span><\/div><div class=\"vc-cognac-slider-pager-next vc-cognac-slider-pager-next-507\"><span><img decoding=\"async\" src=\"https:\/\/preprod.cognac.fr\/wp-content\/themes\/label-agence-cognac\/images\/flecheslide.svg\"><\/span><\/div><div class=\"vc-cognac-slider-pager vc-cognac-slider-pager-507\"><\/div><\/div><ul id=\"visual-slider-507\" class=\"cycle-slideshow ptb_MetaboxImages-slider\" data-cycle-auto-height=\"calc\" data-cycle-fx=\"fade\" data-cycle-timeout=\"0\" data-cycle-slides=\"> li\" data-cycle-pause-on-hover=\"false\" data-cycle-log=\"false\" data-cycle-loader=\"false\" data-cycle-pager=\".vc-cognac-slider-pager-507\" data-cycle-prev=\".vc-cognac-slider-pager-prev-507\" data-cycle-next=\".vc-cognac-slider-pager-next-507\"><li><div class=\"vc-cognac-slider-item-content1\"><h3 class=\"vc-cognac-slider-item-title\">Cognac & dessert<span><\/span><\/h3><div class=\"vc-cognac-slider-item-content\"><p>Cognac is ideal paired with indulgent dishes, especially desserts such as Cr\u00e8me br\u00fbl\u00e9e with VS Cognac or tarte Tatin with Frozen Cognac are absolutely exquisite! Or, for a lighter option, why not try pairing Cognac with fruit? Chilled fresh pineapple with Frozen VS is a match made in heaven. <\/p>\n<\/div><\/div><div class=\"vc-cognac-slider-item-content2\" style=\"background: #cc270b;\"><div class=\"vc-cognac-slider-item-content2-left\"><h3 class=\"vc-cognac-slider-item-title\">Expert<span>advice<\/span><\/h3><\/div><div class=\"vc-cognac-slider-item-content2-right\"><p>For sensational pairings, serve 2cl VSOP or XO Cognac with chocolate or almond desserts. Pairing Cognac with an apricot or orange tart or Cr\u00e8me br\u00fbl\u00e9e creates an extraordinary interplay of delicate flavours.<br \/>\nThe &#8220;Cognac Pairing&#8221; mobile app guides beginners and experts in your Cognac-food matches. Choose by type of dish or Cognac to create the perfect pairing based on what you have at hand!<\/p>\n<\/div><\/div><\/li><\/ul><\/div><\/div><\/div>[\/vc_column][\/vc_row][vc_row css_animation=&#8221;fadeInUp&#8221;][vc_column css=&#8221;.vc_custom_1563978794494{padding-top: 40px !important;}&#8221;][vc_empty_space][\/vc_column][\/vc_row][vc_row css_animation=&#8221;fadeInUp&#8221;][vc_column css=&#8221;.vc_custom_1563978794494{padding-top: 40px !important;}&#8221;]<div class=\"vc-cognac-slider-wrap vc-cognac-slider-size-normal\"><div class=\"vc-cognac-slider-content\"><div class=\"vc-cognac-slider-content-img\"><\/div><div class=\"vc-cognac-slider-content-content vc-cognac-slider-content-content-gauche\" style=\"background: #cc270b;\"><div class=\"vc-cognac-slider-paginate no-paginate-slider\"><div class=\"vc-cognac-slider-pager-prev vc-cognac-slider-pager-prev-116\"><span>&lsaquo;<\/span><\/div><div class=\"vc-cognac-slider-pager-next vc-cognac-slider-pager-next-116\"><span><img decoding=\"async\" src=\"https:\/\/preprod.cognac.fr\/wp-content\/themes\/label-agence-cognac\/images\/flecheslide.svg\"><\/span><\/div><div class=\"vc-cognac-slider-pager vc-cognac-slider-pager-116\"><\/div><\/div><ul id=\"visual-slider-116\" class=\"cycle-slideshow ptb_MetaboxImages-slider\" data-cycle-auto-height=\"calc\" data-cycle-fx=\"fade\" data-cycle-timeout=\"0\" data-cycle-slides=\"> li\" data-cycle-pause-on-hover=\"false\" data-cycle-log=\"false\" data-cycle-loader=\"false\" data-cycle-pager=\".vc-cognac-slider-pager-116\" data-cycle-prev=\".vc-cognac-slider-pager-prev-116\" data-cycle-next=\".vc-cognac-slider-pager-next-116\"><li><div class=\"vc-cognac-slider-item-content1\"><h3 class=\"vc-cognac-slider-item-title\">Cognac & coffee<span><\/span><\/h3><div class=\"vc-cognac-slider-item-content\"><p>Like whisky in Irish Coffee, Cognac is the perfect companion to coffee. It can be tasted either as an accompaniment to a fine espresso or as a shot in coffee. <\/p>\n<p>In this mix, as in fine cuisine, 1+1 = 3. The flavours do not overpower each other \u2013 instead, the overall impression creates a third flavour, highlighting the acidity, generous flavours, and softness of each drink.<\/p>\n<\/div><\/div><div class=\"vc-cognac-slider-item-content2\" style=\"background: #cc270b;\"><div class=\"vc-cognac-slider-item-content2-left\"><h3 class=\"vc-cognac-slider-item-title\">Expert<span>advice<\/span><\/h3><\/div><div class=\"vc-cognac-slider-item-content2-right\"><p>Take a cup of excellent coffee, pour 2cl Cognac into a tulip glass and taste one followed by the other, as in a Cognac-food pairing.<\/p>\n<\/div><\/div><\/li><\/ul><\/div><\/div><\/div>[\/vc_column][\/vc_row][vc_row css_animation=&#8221;fadeInUp&#8221;][vc_column css=&#8221;.vc_custom_1563978794494{padding-top: 40px !important;}&#8221;][vc_empty_space][\/vc_column][\/vc_row][vc_row css_animation=&#8221;fadeInUp&#8221;][vc_column css=&#8221;.vc_custom_1563978794494{padding-top: 40px !important;}&#8221;]<div class=\"vc-cognac-slider-wrap vc-cognac-slider-size-normal\"><div class=\"vc-cognac-slider-content\"><div class=\"vc-cognac-slider-content-img\"><img loading=\"lazy\" decoding=\"async\" width=\"1275\" height=\"625\" src=\"https:\/\/preprod.cognac.fr\/wp-content\/uploads\/im-degustation.jpg\" class=\"aligncenter\" alt=\"\" \/><\/div><div class=\"vc-cognac-slider-content-content vc-cognac-slider-content-content-gauche\" style=\"background: #cc270b;\"><div class=\"vc-cognac-slider-paginate no-paginate-slider\"><div class=\"vc-cognac-slider-pager-prev vc-cognac-slider-pager-prev-385\"><span>&lsaquo;<\/span><\/div><div class=\"vc-cognac-slider-pager-next vc-cognac-slider-pager-next-385\"><span><img decoding=\"async\" src=\"https:\/\/preprod.cognac.fr\/wp-content\/themes\/label-agence-cognac\/images\/flecheslide.svg\"><\/span><\/div><div class=\"vc-cognac-slider-pager vc-cognac-slider-pager-385\"><\/div><\/div><ul id=\"visual-slider-385\" class=\"cycle-slideshow ptb_MetaboxImages-slider\" data-cycle-auto-height=\"calc\" data-cycle-fx=\"fade\" data-cycle-timeout=\"0\" data-cycle-slides=\"> li\" data-cycle-pause-on-hover=\"false\" data-cycle-log=\"false\" data-cycle-loader=\"false\" data-cycle-pager=\".vc-cognac-slider-pager-385\" data-cycle-prev=\".vc-cognac-slider-pager-prev-385\" data-cycle-next=\".vc-cognac-slider-pager-next-385\"><li><div class=\"vc-cognac-slider-item-content1\"><h3 class=\"vc-cognac-slider-item-title\">Neat Cognac<span><\/span><\/h3><div class=\"vc-cognac-slider-item-content\"><p>This is how the purists like to enjoy Cognac, in its most natural form, with the greatest respect for the cellarmasters who have carefully nurtured its development. Would you like to experience it for yourself ? It&#8217;s our pleasure to guide you through the process.<\/p>\n<\/div><\/div><div class=\"vc-cognac-slider-item-content2\" style=\"background: #cc270b;\"><div class=\"vc-cognac-slider-item-content2-left\"><h3 class=\"vc-cognac-slider-item-title\">Expert<span>advice<\/span><\/h3><\/div><div class=\"vc-cognac-slider-item-content2-right\"><p>For 2 to 4cl Cognac into a glass. We recommend a tulip-shaped glass, to enhance the aromatic complexity of the Cognac.<br \/>\nObserve the colour and texture. Luminous and brilliant, with &#8220;legs&#8221; or &#8220;tears&#8221; that slide down the inside of the glass.<br \/>\nWithout swirling beforehand, gently bring the glass towards your nose. This will make it easier to detect Cognac&#8217;s wide range of aromas (floral, fruity, oaky, or spicy) without the alcohol becoming overbearing.<br \/>\nOnce it is on your palate, take the time to experience its aromatic complexity, rare sweetness, roundness, and slightly bittersweet notes. <\/p>\n<\/div><\/div><\/li><\/ul><\/div><\/div><\/div>[\/vc_column][\/vc_row][\/vc_section][vc_row css_animation=&#8221;fadeInUp&#8221;][vc_column css=&#8221;.vc_custom_1563978794494{padding-top: 40px !important;}&#8221;][vc_empty_space height=&#8221;60px&#8221;][\/vc_column][\/vc_row][vc_row full_width_row=&#8221;non&#8221; equal_height=&#8221;yes&#8221; css=&#8221;.vc_custom_1563987976592{padding-top: 40px !important;}&#8221;][vc_column width=&#8221;1\/2&#8243; offset=&#8221;vc_hidden-xs&#8221; css=&#8221;.vc_custom_1563887822105{background-image: url(https:\/\/preprod.cognac.fr\/wp-content\/uploads\/fond-cognacpairing.jpg?id=4616) !important;background-position: center !important;background-repeat: no-repeat !important;background-size: cover !important;}&#8221;][vc_empty_space height=&#8221;60px&#8221;][vc_single_image image=&#8221;4632&#8243; img_size=&#8221;full&#8221; alignment=&#8221;center&#8221; css_animation=&#8221;none&#8221; css=&#8221;.vc_custom_1563886941728{padding-top: 80px !important;padding-right: 80px !important;padding-bottom: 80px !important;padding-left: 80px !important;}&#8221;][\/vc_column][vc_column width=&#8221;1\/2&#8243; css=&#8221;.vc_custom_1563887841219{background-color: #fef2e3 !important;background-position: center !important;background-repeat: no-repeat !important;background-size: cover !important;}&#8221;][vc_row_inner][vc_column_inner][vc_column_text]\n<h3 style=\"text-align: center;\">COGNAC PAIRING<\/h3>\n<p><strong>Why not try the \u00ab Cognac Pairing \u00bb app ?<\/strong><\/p>\n<p class=\"p1\">The &#8220;Cognac Pairing&#8221; mobile app guides beginners and experts in your Cognac-food matches. Choose by type of dish or Cognac to create the perfect pairing based on what you have at hand!<\/p>\n<div class=\"c-message__content c-message__content--feature_sonic_inputs\" data-qa=\"message_content\"><span class=\"c-message__body\" dir=\"auto\" data-qa=\"message-text\">The \u201cCognac Pairing\u201d app provides a perfect guide to Cognac-food pairings, useful for both beginners and experts.<br \/>\nWe have created a wide range of recipes and pairings to share with family and friends. Quintessential Cognac-food pairings are always at your fingertips with our practical, easy-to-use mobile app! Free download on Android and Apple.<\/span><\/div>\n[\/vc_column_text][\/vc_column_inner][\/vc_row_inner][vc_row_inner][vc_column_inner width=&#8221;1\/2&#8243;][vc_btn title=&#8221;Appstore&#8221; style=&#8221;outline&#8221; shape=&#8221;square&#8221; color=&#8221;black&#8221; align=&#8221;center&#8221; i_type=&#8221;monosocial&#8221; i_icon_monosocial=&#8221;vc-mono vc-mono-apple&#8221; add_icon=&#8221;true&#8221; el_class=&#8221;btn_store&#8221;][\/vc_column_inner][vc_column_inner width=&#8221;1\/2&#8243;][vc_btn title=&#8221;Google Play&#8221; style=&#8221;outline&#8221; shape=&#8221;square&#8221; color=&#8221;black&#8221; align=&#8221;center&#8221; i_type=&#8221;openiconic&#8221; i_icon_openiconic=&#8221;vc-oi vc-oi-play&#8221; add_icon=&#8221;true&#8221; el_class=&#8221;btn_store&#8221;][\/vc_column_inner][\/vc_row_inner][vc_empty_space][\/vc_column][\/vc_row][vc_row][vc_column][vc_empty_space][\/vc_column][\/vc_row]\n","protected":false},"excerpt":{"rendered":"<p>[vc_section full_width_section=&#8221;non&#8221; css=&#8221;.vc_custom_1567986228407{background-color: #ffffff !important;background-position: center !important;background-repeat: no-repeat !important;background-size: cover !important;}&#8221;][vc_row css_animation=&#8221;fadeInUp&#8221;][vc_column css=&#8221;.vc_custom_1563978794494{padding-top: 40px !important;}&#8221;][\/vc_column][\/vc_row][vc_row css_animation=&#8221;fadeInUp&#8221;][vc_column css=&#8221;.vc_custom_1563978794494{padding-top: 40px !important;}&#8221;][vc_empty_space][\/vc_column][\/vc_row][vc_row css_animation=&#8221;fadeInUp&#8221;][vc_column css=&#8221;.vc_custom_1563978794494{padding-top: 40px !important;}&#8221;][\/vc_column][\/vc_row][vc_row css_animation=&#8221;fadeInUp&#8221;][vc_column css=&#8221;.vc_custom_1563978794494{padding-top: 40px !important;}&#8221;][vc_empty_space][\/vc_column][\/vc_row][vc_row css_animation=&#8221;fadeInUp&#8221;][vc_column css=&#8221;.vc_custom_1563978794494{padding-top: 40px !important;}&#8221;][\/vc_column][\/vc_row][vc_row css_animation=&#8221;fadeInUp&#8221;][vc_column css=&#8221;.vc_custom_1563978794494{padding-top: 40px !important;}&#8221;][vc_empty_space][\/vc_column][\/vc_row][vc_row css_animation=&#8221;fadeInUp&#8221;][vc_column css=&#8221;.vc_custom_1563978794494{padding-top: 40px !important;}&#8221;][\/vc_column][\/vc_row][\/vc_section][vc_row css_animation=&#8221;fadeInUp&#8221;][vc_column css=&#8221;.vc_custom_1563978794494{padding-top: 40px !important;}&#8221;][vc_empty_space height=&#8221;60px&#8221;][\/vc_column][\/vc_row][vc_row full_width_row=&#8221;non&#8221; equal_height=&#8221;yes&#8221; css=&#8221;.vc_custom_1563987976592{padding-top: 40px !important;}&#8221;][vc_column width=&#8221;1\/2&#8243;&hellip;<\/p>\n","protected":false},"author":5,"featured_media":5016,"parent":10606,"menu_order":2,"comment_status":"closed","ping_status":"closed","template":"","meta":{"_acf_changed":false,"wp_mapbox_gl_js_media":[],"footnotes":""},"class_list":["post-11805","page","type-page","status-publish","has-post-thumbnail","hentry"],"acf":{"illustration_couleur":"#cc270b","illustration_desktop":"https:\/\/preprod.cognac.fr\/wp-content\/uploads\/illustration-end\u00e9gustation-cognac-1.jpg","illustration_mobile":"https:\/\/preprod.cognac.fr\/wp-content\/uploads\/illustration-end\u00e9gustation-mobile-cognac.jpg","image_de_fond":false,"description":"<p>In gastronomy\u00a0as in life\u00a0the beginning and end of a meal are most important. The former sets the tone\u00a0while the latter leaves the final impression\u00a0flavourful and satisfying,\u00a0so that you take away a special memory of shared enjoyment. This is the opportunity to discover Cognac&#8217;s wide range of aromas&gt;\u00a0perfectly suited to a variety of dishes..<\/p>\n","video_page":false,"titre":"Whether consumed neat \"on the rocks\" with coffee or desserts Cognac is always a source of pleasure.","nom_de_la_page_liee":false},"yoast_head":"<!-- This site is optimized with the Yoast SEO plugin v24.7 - https:\/\/yoast.com\/wordpress\/plugins\/seo\/ -->\n<title>Tasting Cognac<\/title>\n<meta name=\"description\" content=\"Whether consumed neat &quot;on the rocks&quot; with coffee or desserts Cognac is always a source of pleasure.\" \/>\n<meta name=\"robots\" content=\"noindex, follow, max-snippet:-1, max-image-preview:large, max-video-preview:-1\" \/>\n<meta property=\"og:locale\" content=\"en_US\" \/>\n<meta property=\"og:type\" content=\"article\" \/>\n<meta property=\"og:title\" content=\"Tasting Cognac\" \/>\n<meta property=\"og:description\" content=\"Whether consumed neat &quot;on the rocks&quot; with coffee or desserts Cognac is always a source of pleasure.\" \/>\n<meta property=\"og:url\" content=\"https:\/\/preprod.cognac.fr\/deguster\/mode-de-consommation\/en-degustation\/\" \/>\n<meta property=\"og:site_name\" content=\"Cognac\" \/>\n<meta property=\"article:modified_time\" content=\"2019-10-24T10:08:59+00:00\" \/>\n<meta property=\"og:image\" content=\"https:\/\/preprod.cognac.fr\/wp-content\/uploads\/im-degustation.jpg\" \/>\n\t<meta property=\"og:image:width\" content=\"1275\" \/>\n\t<meta property=\"og:image:height\" content=\"625\" \/>\n\t<meta property=\"og:image:type\" content=\"image\/jpeg\" \/>\n<meta name=\"twitter:card\" content=\"summary_large_image\" \/>\n<meta name=\"twitter:label1\" content=\"Est. reading time\" \/>\n\t<meta name=\"twitter:data1\" content=\"6 minutes\" \/>\n<script type=\"application\/ld+json\" class=\"yoast-schema-graph\">{\"@context\":\"https:\/\/schema.org\",\"@graph\":[{\"@type\":\"WebPage\",\"@id\":\"https:\/\/preprod.cognac.fr\/deguster\/mode-de-consommation\/en-degustation\/\",\"url\":\"https:\/\/preprod.cognac.fr\/deguster\/mode-de-consommation\/en-degustation\/\",\"name\":\"Tasting Cognac\",\"isPartOf\":{\"@id\":\"https:\/\/preprod.cognac.fr\/#website\"},\"primaryImageOfPage\":{\"@id\":\"https:\/\/preprod.cognac.fr\/deguster\/mode-de-consommation\/en-degustation\/#primaryimage\"},\"image\":{\"@id\":\"https:\/\/preprod.cognac.fr\/deguster\/mode-de-consommation\/en-degustation\/#primaryimage\"},\"thumbnailUrl\":\"https:\/\/preprod.cognac.fr\/wp-content\/uploads\/im-degustation.jpg\",\"datePublished\":\"2019-10-23T16:13:49+00:00\",\"dateModified\":\"2019-10-24T10:08:59+00:00\",\"description\":\"Whether consumed neat \\\"on the rocks\\\" with coffee or desserts Cognac is always a source of pleasure.\",\"breadcrumb\":{\"@id\":\"https:\/\/preprod.cognac.fr\/deguster\/mode-de-consommation\/en-degustation\/#breadcrumb\"},\"inLanguage\":\"en-US\",\"potentialAction\":[{\"@type\":\"ReadAction\",\"target\":[\"https:\/\/preprod.cognac.fr\/deguster\/mode-de-consommation\/en-degustation\/\"]}]},{\"@type\":\"ImageObject\",\"inLanguage\":\"en-US\",\"@id\":\"https:\/\/preprod.cognac.fr\/deguster\/mode-de-consommation\/en-degustation\/#primaryimage\",\"url\":\"https:\/\/preprod.cognac.fr\/wp-content\/uploads\/im-degustation.jpg\",\"contentUrl\":\"https:\/\/preprod.cognac.fr\/wp-content\/uploads\/im-degustation.jpg\",\"width\":1275,\"height\":625},{\"@type\":\"BreadcrumbList\",\"@id\":\"https:\/\/preprod.cognac.fr\/deguster\/mode-de-consommation\/en-degustation\/#breadcrumb\",\"itemListElement\":[{\"@type\":\"ListItem\",\"position\":1,\"name\":\"home\",\"item\":\"https:\/\/preprod.cognac.fr\/en\/\"},{\"@type\":\"ListItem\",\"position\":2,\"name\":\"Tasting\",\"item\":\"https:\/\/preprod.cognac.fr\/en\/tasting\/\"},{\"@type\":\"ListItem\",\"position\":3,\"name\":\"Drinking Cognac\",\"item\":\"https:\/\/preprod.cognac.fr\/deguster\/mode-de-consommation\/\"},{\"@type\":\"ListItem\",\"position\":4,\"name\":\"TASTING COGNAC\"}]},{\"@type\":\"WebSite\",\"@id\":\"https:\/\/preprod.cognac.fr\/#website\",\"url\":\"https:\/\/preprod.cognac.fr\/\",\"name\":\"Cognac\",\"description\":\"Cognac.fr - Le site officiel de la fili\u00e8re Cognac (BNIC)\",\"publisher\":{\"@id\":\"https:\/\/preprod.cognac.fr\/#organization\"},\"potentialAction\":[{\"@type\":\"SearchAction\",\"target\":{\"@type\":\"EntryPoint\",\"urlTemplate\":\"https:\/\/preprod.cognac.fr\/?s={search_term_string}\"},\"query-input\":{\"@type\":\"PropertyValueSpecification\",\"valueRequired\":true,\"valueName\":\"search_term_string\"}}],\"inLanguage\":\"en-US\"},{\"@type\":\"Organization\",\"@id\":\"https:\/\/preprod.cognac.fr\/#organization\",\"name\":\"Cognac\",\"url\":\"https:\/\/preprod.cognac.fr\/\",\"logo\":{\"@type\":\"ImageObject\",\"inLanguage\":\"en-US\",\"@id\":\"https:\/\/preprod.cognac.fr\/#\/schema\/logo\/image\/\",\"url\":\"https:\/\/preprod.cognac.fr\/wp-content\/uploads\/cognac-logo.jpg\",\"contentUrl\":\"https:\/\/preprod.cognac.fr\/wp-content\/uploads\/cognac-logo.jpg\",\"width\":200,\"height\":200,\"caption\":\"Cognac\"},\"image\":{\"@id\":\"https:\/\/preprod.cognac.fr\/#\/schema\/logo\/image\/\"}}]}<\/script>\n<!-- \/ Yoast SEO plugin. -->","yoast_head_json":{"title":"Tasting Cognac","description":"Whether consumed neat \"on the rocks\" with coffee or desserts Cognac is always a source of pleasure.","robots":{"index":"noindex","follow":"follow","max-snippet":"max-snippet:-1","max-image-preview":"max-image-preview:large","max-video-preview":"max-video-preview:-1"},"og_locale":"en_US","og_type":"article","og_title":"Tasting Cognac","og_description":"Whether consumed neat \"on the rocks\" with coffee or desserts Cognac is always a source of pleasure.","og_url":"https:\/\/preprod.cognac.fr\/deguster\/mode-de-consommation\/en-degustation\/","og_site_name":"Cognac","article_modified_time":"2019-10-24T10:08:59+00:00","og_image":[{"width":1275,"height":625,"url":"https:\/\/preprod.cognac.fr\/wp-content\/uploads\/im-degustation.jpg","type":"image\/jpeg"}],"twitter_card":"summary_large_image","twitter_misc":{"Est. reading time":"6 minutes"},"schema":{"@context":"https:\/\/schema.org","@graph":[{"@type":"WebPage","@id":"https:\/\/preprod.cognac.fr\/deguster\/mode-de-consommation\/en-degustation\/","url":"https:\/\/preprod.cognac.fr\/deguster\/mode-de-consommation\/en-degustation\/","name":"Tasting Cognac","isPartOf":{"@id":"https:\/\/preprod.cognac.fr\/#website"},"primaryImageOfPage":{"@id":"https:\/\/preprod.cognac.fr\/deguster\/mode-de-consommation\/en-degustation\/#primaryimage"},"image":{"@id":"https:\/\/preprod.cognac.fr\/deguster\/mode-de-consommation\/en-degustation\/#primaryimage"},"thumbnailUrl":"https:\/\/preprod.cognac.fr\/wp-content\/uploads\/im-degustation.jpg","datePublished":"2019-10-23T16:13:49+00:00","dateModified":"2019-10-24T10:08:59+00:00","description":"Whether consumed neat \"on the rocks\" with coffee or desserts Cognac is always a source of pleasure.","breadcrumb":{"@id":"https:\/\/preprod.cognac.fr\/deguster\/mode-de-consommation\/en-degustation\/#breadcrumb"},"inLanguage":"en-US","potentialAction":[{"@type":"ReadAction","target":["https:\/\/preprod.cognac.fr\/deguster\/mode-de-consommation\/en-degustation\/"]}]},{"@type":"ImageObject","inLanguage":"en-US","@id":"https:\/\/preprod.cognac.fr\/deguster\/mode-de-consommation\/en-degustation\/#primaryimage","url":"https:\/\/preprod.cognac.fr\/wp-content\/uploads\/im-degustation.jpg","contentUrl":"https:\/\/preprod.cognac.fr\/wp-content\/uploads\/im-degustation.jpg","width":1275,"height":625},{"@type":"BreadcrumbList","@id":"https:\/\/preprod.cognac.fr\/deguster\/mode-de-consommation\/en-degustation\/#breadcrumb","itemListElement":[{"@type":"ListItem","position":1,"name":"home","item":"https:\/\/preprod.cognac.fr\/en\/"},{"@type":"ListItem","position":2,"name":"Tasting","item":"https:\/\/preprod.cognac.fr\/en\/tasting\/"},{"@type":"ListItem","position":3,"name":"Drinking Cognac","item":"https:\/\/preprod.cognac.fr\/deguster\/mode-de-consommation\/"},{"@type":"ListItem","position":4,"name":"TASTING COGNAC"}]},{"@type":"WebSite","@id":"https:\/\/preprod.cognac.fr\/#website","url":"https:\/\/preprod.cognac.fr\/","name":"Cognac","description":"Cognac.fr - Le site officiel de la fili\u00e8re Cognac (BNIC)","publisher":{"@id":"https:\/\/preprod.cognac.fr\/#organization"},"potentialAction":[{"@type":"SearchAction","target":{"@type":"EntryPoint","urlTemplate":"https:\/\/preprod.cognac.fr\/?s={search_term_string}"},"query-input":{"@type":"PropertyValueSpecification","valueRequired":true,"valueName":"search_term_string"}}],"inLanguage":"en-US"},{"@type":"Organization","@id":"https:\/\/preprod.cognac.fr\/#organization","name":"Cognac","url":"https:\/\/preprod.cognac.fr\/","logo":{"@type":"ImageObject","inLanguage":"en-US","@id":"https:\/\/preprod.cognac.fr\/#\/schema\/logo\/image\/","url":"https:\/\/preprod.cognac.fr\/wp-content\/uploads\/cognac-logo.jpg","contentUrl":"https:\/\/preprod.cognac.fr\/wp-content\/uploads\/cognac-logo.jpg","width":200,"height":200,"caption":"Cognac"},"image":{"@id":"https:\/\/preprod.cognac.fr\/#\/schema\/logo\/image\/"}}]}},"_links":{"self":[{"href":"https:\/\/preprod.cognac.fr\/en\/wp-json\/wp\/v2\/pages\/11805","targetHints":{"allow":["GET"]}}],"collection":[{"href":"https:\/\/preprod.cognac.fr\/en\/wp-json\/wp\/v2\/pages"}],"about":[{"href":"https:\/\/preprod.cognac.fr\/en\/wp-json\/wp\/v2\/types\/page"}],"author":[{"embeddable":true,"href":"https:\/\/preprod.cognac.fr\/en\/wp-json\/wp\/v2\/users\/5"}],"replies":[{"embeddable":true,"href":"https:\/\/preprod.cognac.fr\/en\/wp-json\/wp\/v2\/comments?post=11805"}],"version-history":[{"count":15,"href":"https:\/\/preprod.cognac.fr\/en\/wp-json\/wp\/v2\/pages\/11805\/revisions"}],"predecessor-version":[{"id":12109,"href":"https:\/\/preprod.cognac.fr\/en\/wp-json\/wp\/v2\/pages\/11805\/revisions\/12109"}],"up":[{"embeddable":true,"href":"https:\/\/preprod.cognac.fr\/en\/wp-json\/wp\/v2\/pages\/10606"}],"wp:featuredmedia":[{"embeddable":true,"href":"https:\/\/preprod.cognac.fr\/en\/wp-json\/wp\/v2\/media\/5016"}],"wp:attachment":[{"href":"https:\/\/preprod.cognac.fr\/en\/wp-json\/wp\/v2\/media?parent=11805"}],"curies":[{"name":"wp","href":"https:\/\/api.w.org\/{rel}","templated":true}]}}