{"id":15790,"date":"2024-03-27T17:32:14","date_gmt":"2024-03-27T16:32:14","guid":{"rendered":"https:\/\/preprod.cognac.fr\/?page_id=15790"},"modified":"2024-11-29T10:53:17","modified_gmt":"2024-11-29T09:53:17","slug":"our-commitments","status":"publish","type":"page","link":"https:\/\/preprod.cognac.fr\/en\/our-commitments\/","title":{"rendered":"Our commitments"},"content":{"rendered":"[vc_section full_width_section=&#8221;non&#8221;][vc_row][vc_column][vc_row_inner][vc_column_inner width=&#8221;1\/2&#8243; css=&#8221;.vc_custom_1560858699350{background-position: center !important;background-repeat: no-repeat !important;background-size: cover !important;}&#8221;]<div class=\"vc-cognac-cadre-wrap cadre-grand\"><img loading=\"lazy\" decoding=\"async\" src=\"https:\/\/preprod.cognac.fr\/wp-content\/uploads\/sengager-filiere-cognac.jpg\" width=\"814\" height=\"700\" alt=\"UNE FILI\u00c8RE ENGAG\u00c9E\" class=\"inWidther\"><div class=\"vc-cognac-cadre-content\"><h2>UNE FILI\u00c8RE ENGAG\u00c9E<\/h2><div class=\"vc-cognac-btn-wrap btn-centre\"><div class=\"vc-cognac-btn-content\"><div class=\"vc-cognac-btn-content-content\"><span class=\"knowMoreWhite\"><a href=\"https:\/\/www.cognac.fr\/sengager\/une-filiere-engagee\/\" target=\"\" rel=\"\"><span class=\"knowMoreMaskWhite\"><\/span><span class=\"knowMoreLinkWhite\">D\u00e9couvrir<\/span><\/a><\/span><\/div><\/div><\/div><\/div><\/div>[\/vc_column_inner][vc_column_inner width=&#8221;1\/2&#8243; css=&#8221;.vc_custom_1560858707076{background-position: center !important;background-repeat: no-repeat !important;background-size: cover !important;}&#8221;]<div class=\"vc-cognac-cadre-wrap cadre-grand\"><img loading=\"lazy\" decoding=\"async\" src=\"https:\/\/preprod.cognac.fr\/wp-content\/uploads\/im-viticulture-durable-cognac.jpg\" width=\"814\" height=\"700\" alt=\"LA VITICULTURE DURABLE\" class=\"inWidther\"><div class=\"vc-cognac-cadre-content\"><h2>LA VITICULTURE DURABLE<\/h2><div class=\"vc-cognac-btn-wrap btn-centre\"><div class=\"vc-cognac-btn-content\"><div class=\"vc-cognac-btn-content-content\"><span class=\"knowMoreWhite\"><a href=\"https:\/\/www.cognac.fr\/sengager\/certification-environnementale-cognac\/\" target=\" _blank\" rel=\"\"><span class=\"knowMoreMaskWhite\"><\/span><span class=\"knowMoreLinkWhite\">S'engager<\/span><\/a><\/span><\/div><\/div><\/div><\/div><\/div>[\/vc_column_inner][\/vc_row_inner][vc_row_inner][vc_column_inner css=&#8221;.vc_custom_1560858713979{background-position: center !important;background-repeat: no-repeat !important;background-size: cover !important;}&#8221;]<div class=\"vc-cognac-cadre-wrap cadre-petit\"><img loading=\"lazy\" decoding=\"async\" src=\"https:\/\/preprod.cognac.fr\/wp-content\/uploads\/cognac-la-part-des-anges.5.jpg\" width=\"1200\" height=\"622\" alt=\"LA G\u00c9N\u00c9ROSIT\u00c9 D'UNE PROFESSION\" class=\"inHeighter\"><div class=\"vc-cognac-cadre-content\"><h2>LA G\u00c9N\u00c9ROSIT\u00c9 D'UNE PROFESSION<\/h2><div class=\"vc-cognac-btn-wrap btn-centre\"><div class=\"vc-cognac-btn-content\"><div class=\"vc-cognac-btn-content-content\"><span class=\"knowMoreWhite\"><a href=\"https:\/\/www.cognac.fr\/la-part-des-anges\/accueil\/\" target=\"\" rel=\"\"><span class=\"knowMoreMaskWhite\"><\/span><span class=\"knowMoreLinkWhite\">D\u00e9couvrir<\/span><\/a><\/span><\/div><\/div><\/div><\/div><\/div>[\/vc_column_inner][\/vc_row_inner][\/vc_column][\/vc_row][\/vc_section]\n","protected":false},"excerpt":{"rendered":"<p>[vc_section full_width_section=&#8221;non&#8221;][vc_row][vc_column][vc_row_inner][vc_column_inner width=&#8221;1\/2&#8243; css=&#8221;.vc_custom_1560858699350{background-position: center !important;background-repeat: no-repeat !important;background-size: cover !important;}&#8221;][\/vc_column_inner][vc_column_inner width=&#8221;1\/2&#8243; css=&#8221;.vc_custom_1560858707076{background-position: center !important;background-repeat: no-repeat !important;background-size: cover !important;}&#8221;][\/vc_column_inner][\/vc_row_inner][vc_row_inner][vc_column_inner css=&#8221;.vc_custom_1560858713979{background-position: center !important;background-repeat: no-repeat !important;background-size: cover !important;}&#8221;][\/vc_column_inner][\/vc_row_inner][\/vc_column][\/vc_row][\/vc_section]<\/p>\n","protected":false},"author":5,"featured_media":0,"parent":0,"menu_order":5,"comment_status":"closed","ping_status":"closed","template":"","meta":{"_acf_changed":false,"wp_mapbox_gl_js_media":[],"footnotes":""},"class_list":["post-15790","page","type-page","status-publish","hentry"],"acf":{"illustration_couleur":"","image_de_fond":false,"video_page":false,"titre":"","nom_de_la_page_liee":false,"description":"<p class=\"p1\" style=\"text-align: center;\"><span class=\"s1\">Au del\u00e0 de ses qualit\u00e9s gustatives et de ses savoir-faire uniques, le Cognac vise l&#8217;excellence en mati\u00e8re d\u2019engagement. Les femmes et les hommes de la fili\u00e8re Cognac \u0153uvrent au quotidien et de fa\u00e7on historique pour leur territoire, leurs salari\u00e9s et leurs clients. Ici, les valeurs de g\u00e9n\u00e9rosit\u00e9 et de responsabilit\u00e9 se transmettent et se renforcent de g\u00e9n\u00e9ration en g\u00e9n\u00e9ration. Et c\u2019est collectivement que la fili\u00e8re Cognac s\u2019engage aujourd&#8217;hui sur l&#8217;\u00e9conomie, l&#8217;emploi, l&#8217;environnement, la solidarit\u00e9 et la culture.<\/span><\/p>\n","illustration_desktop":false,"illustration_mobile":false},"yoast_head":"<!-- This site is optimized with the Yoast SEO plugin v24.7 - https:\/\/yoast.com\/wordpress\/plugins\/seo\/ -->\n<title>Our commitments | Cognac<\/title>\n<meta name=\"description\" content=\"Au del\u00e0 de ses qualit\u00e9s gustatives et de ses savoir-faire uniques, le Cognac vise l&#039;excellence en mati\u00e8re d\u2019engagement. Les femmes et les hommes de la fili\u00e8re Cognac \u0153uvrent au quotidien et de fa\u00e7on historique pour leur territoire, leurs salari\u00e9s et leurs clients.\" \/>\n<meta name=\"robots\" content=\"noindex, follow, max-snippet:-1, max-image-preview:large, max-video-preview:-1\" \/>\n<meta property=\"og:locale\" content=\"en_US\" \/>\n<meta property=\"og:type\" content=\"article\" \/>\n<meta property=\"og:title\" content=\"Our commitments | Cognac\" \/>\n<meta property=\"og:description\" content=\"Au del\u00e0 de ses qualit\u00e9s gustatives et de ses savoir-faire uniques, le Cognac vise l&#039;excellence en mati\u00e8re d\u2019engagement. Les femmes et les hommes de la fili\u00e8re Cognac \u0153uvrent au quotidien et de fa\u00e7on historique pour leur territoire, leurs salari\u00e9s et leurs clients.\" \/>\n<meta property=\"og:url\" content=\"https:\/\/preprod.cognac.fr\/en\/our-commitments\/\" \/>\n<meta property=\"og:site_name\" content=\"Cognac\" \/>\n<meta property=\"article:modified_time\" content=\"2024-11-29T09:53:17+00:00\" \/>\n<meta property=\"og:image\" content=\"https:\/\/preprod.cognac.fr\/wp-content\/uploads\/20221121_Portrait-Le\u0301o-Bujeaud-Copie.png\" \/>\n\t<meta property=\"og:image:width\" content=\"334\" \/>\n\t<meta property=\"og:image:height\" content=\"319\" \/>\n\t<meta property=\"og:image:type\" content=\"image\/png\" \/>\n<meta name=\"twitter:card\" content=\"summary_large_image\" \/>\n<meta name=\"twitter:label1\" content=\"Est. reading time\" \/>\n\t<meta name=\"twitter:data1\" content=\"1 minute\" \/>\n<script type=\"application\/ld+json\" class=\"yoast-schema-graph\">{\"@context\":\"https:\/\/schema.org\",\"@graph\":[{\"@type\":\"WebPage\",\"@id\":\"https:\/\/preprod.cognac.fr\/en\/our-commitments\/\",\"url\":\"https:\/\/preprod.cognac.fr\/en\/our-commitments\/\",\"name\":\"Our commitments | Cognac\",\"isPartOf\":{\"@id\":\"https:\/\/preprod.cognac.fr\/#website\"},\"datePublished\":\"2024-03-27T16:32:14+00:00\",\"dateModified\":\"2024-11-29T09:53:17+00:00\",\"description\":\"Au del\u00e0 de ses qualit\u00e9s gustatives et de ses savoir-faire uniques, le Cognac vise l'excellence en mati\u00e8re d\u2019engagement. Les femmes et les hommes de la fili\u00e8re Cognac \u0153uvrent au quotidien et de fa\u00e7on historique pour leur territoire, leurs salari\u00e9s et leurs clients.\",\"breadcrumb\":{\"@id\":\"https:\/\/preprod.cognac.fr\/en\/our-commitments\/#breadcrumb\"},\"inLanguage\":\"en-US\",\"potentialAction\":[{\"@type\":\"ReadAction\",\"target\":[\"https:\/\/preprod.cognac.fr\/en\/our-commitments\/\"]}]},{\"@type\":\"BreadcrumbList\",\"@id\":\"https:\/\/preprod.cognac.fr\/en\/our-commitments\/#breadcrumb\",\"itemListElement\":[{\"@type\":\"ListItem\",\"position\":1,\"name\":\"home\",\"item\":\"https:\/\/preprod.cognac.fr\/en\/\"},{\"@type\":\"ListItem\",\"position\":2,\"name\":\"Our commitments\"}]},{\"@type\":\"WebSite\",\"@id\":\"https:\/\/preprod.cognac.fr\/#website\",\"url\":\"https:\/\/preprod.cognac.fr\/\",\"name\":\"Cognac\",\"description\":\"Cognac.fr - Le site officiel de la fili\u00e8re Cognac (BNIC)\",\"publisher\":{\"@id\":\"https:\/\/preprod.cognac.fr\/#organization\"},\"potentialAction\":[{\"@type\":\"SearchAction\",\"target\":{\"@type\":\"EntryPoint\",\"urlTemplate\":\"https:\/\/preprod.cognac.fr\/?s={search_term_string}\"},\"query-input\":{\"@type\":\"PropertyValueSpecification\",\"valueRequired\":true,\"valueName\":\"search_term_string\"}}],\"inLanguage\":\"en-US\"},{\"@type\":\"Organization\",\"@id\":\"https:\/\/preprod.cognac.fr\/#organization\",\"name\":\"Cognac\",\"url\":\"https:\/\/preprod.cognac.fr\/\",\"logo\":{\"@type\":\"ImageObject\",\"inLanguage\":\"en-US\",\"@id\":\"https:\/\/preprod.cognac.fr\/#\/schema\/logo\/image\/\",\"url\":\"https:\/\/preprod.cognac.fr\/wp-content\/uploads\/cognac-logo.jpg\",\"contentUrl\":\"https:\/\/preprod.cognac.fr\/wp-content\/uploads\/cognac-logo.jpg\",\"width\":200,\"height\":200,\"caption\":\"Cognac\"},\"image\":{\"@id\":\"https:\/\/preprod.cognac.fr\/#\/schema\/logo\/image\/\"}}]}<\/script>\n<!-- \/ Yoast SEO plugin. -->","yoast_head_json":{"title":"Our commitments | Cognac","description":"Au del\u00e0 de ses qualit\u00e9s gustatives et de ses savoir-faire uniques, le Cognac vise l'excellence en mati\u00e8re d\u2019engagement. Les femmes et les hommes de la fili\u00e8re Cognac \u0153uvrent au quotidien et de fa\u00e7on historique pour leur territoire, leurs salari\u00e9s et leurs clients.","robots":{"index":"noindex","follow":"follow","max-snippet":"max-snippet:-1","max-image-preview":"max-image-preview:large","max-video-preview":"max-video-preview:-1"},"og_locale":"en_US","og_type":"article","og_title":"Our commitments | Cognac","og_description":"Au del\u00e0 de ses qualit\u00e9s gustatives et de ses savoir-faire uniques, le Cognac vise l'excellence en mati\u00e8re d\u2019engagement. Les femmes et les hommes de la fili\u00e8re Cognac \u0153uvrent au quotidien et de fa\u00e7on historique pour leur territoire, leurs salari\u00e9s et leurs clients.","og_url":"https:\/\/preprod.cognac.fr\/en\/our-commitments\/","og_site_name":"Cognac","article_modified_time":"2024-11-29T09:53:17+00:00","og_image":[{"width":334,"height":319,"url":"https:\/\/preprod.cognac.fr\/wp-content\/uploads\/20221121_Portrait-Le\u0301o-Bujeaud-Copie.png","type":"image\/png"}],"twitter_card":"summary_large_image","twitter_misc":{"Est. reading time":"1 minute"},"schema":{"@context":"https:\/\/schema.org","@graph":[{"@type":"WebPage","@id":"https:\/\/preprod.cognac.fr\/en\/our-commitments\/","url":"https:\/\/preprod.cognac.fr\/en\/our-commitments\/","name":"Our commitments | Cognac","isPartOf":{"@id":"https:\/\/preprod.cognac.fr\/#website"},"datePublished":"2024-03-27T16:32:14+00:00","dateModified":"2024-11-29T09:53:17+00:00","description":"Au del\u00e0 de ses qualit\u00e9s gustatives et de ses savoir-faire uniques, le Cognac vise l'excellence en mati\u00e8re d\u2019engagement. Les femmes et les hommes de la fili\u00e8re Cognac \u0153uvrent au quotidien et de fa\u00e7on historique pour leur territoire, leurs salari\u00e9s et leurs clients.","breadcrumb":{"@id":"https:\/\/preprod.cognac.fr\/en\/our-commitments\/#breadcrumb"},"inLanguage":"en-US","potentialAction":[{"@type":"ReadAction","target":["https:\/\/preprod.cognac.fr\/en\/our-commitments\/"]}]},{"@type":"BreadcrumbList","@id":"https:\/\/preprod.cognac.fr\/en\/our-commitments\/#breadcrumb","itemListElement":[{"@type":"ListItem","position":1,"name":"home","item":"https:\/\/preprod.cognac.fr\/en\/"},{"@type":"ListItem","position":2,"name":"Our commitments"}]},{"@type":"WebSite","@id":"https:\/\/preprod.cognac.fr\/#website","url":"https:\/\/preprod.cognac.fr\/","name":"Cognac","description":"Cognac.fr - Le site officiel de la fili\u00e8re Cognac (BNIC)","publisher":{"@id":"https:\/\/preprod.cognac.fr\/#organization"},"potentialAction":[{"@type":"SearchAction","target":{"@type":"EntryPoint","urlTemplate":"https:\/\/preprod.cognac.fr\/?s={search_term_string}"},"query-input":{"@type":"PropertyValueSpecification","valueRequired":true,"valueName":"search_term_string"}}],"inLanguage":"en-US"},{"@type":"Organization","@id":"https:\/\/preprod.cognac.fr\/#organization","name":"Cognac","url":"https:\/\/preprod.cognac.fr\/","logo":{"@type":"ImageObject","inLanguage":"en-US","@id":"https:\/\/preprod.cognac.fr\/#\/schema\/logo\/image\/","url":"https:\/\/preprod.cognac.fr\/wp-content\/uploads\/cognac-logo.jpg","contentUrl":"https:\/\/preprod.cognac.fr\/wp-content\/uploads\/cognac-logo.jpg","width":200,"height":200,"caption":"Cognac"},"image":{"@id":"https:\/\/preprod.cognac.fr\/#\/schema\/logo\/image\/"}}]}},"_links":{"self":[{"href":"https:\/\/preprod.cognac.fr\/en\/wp-json\/wp\/v2\/pages\/15790","targetHints":{"allow":["GET"]}}],"collection":[{"href":"https:\/\/preprod.cognac.fr\/en\/wp-json\/wp\/v2\/pages"}],"about":[{"href":"https:\/\/preprod.cognac.fr\/en\/wp-json\/wp\/v2\/types\/page"}],"author":[{"embeddable":true,"href":"https:\/\/preprod.cognac.fr\/en\/wp-json\/wp\/v2\/users\/5"}],"replies":[{"embeddable":true,"href":"https:\/\/preprod.cognac.fr\/en\/wp-json\/wp\/v2\/comments?post=15790"}],"version-history":[{"count":5,"href":"https:\/\/preprod.cognac.fr\/en\/wp-json\/wp\/v2\/pages\/15790\/revisions"}],"predecessor-version":[{"id":43690,"href":"https:\/\/preprod.cognac.fr\/en\/wp-json\/wp\/v2\/pages\/15790\/revisions\/43690"}],"wp:attachment":[{"href":"https:\/\/preprod.cognac.fr\/en\/wp-json\/wp\/v2\/media?parent=15790"}],"curies":[{"name":"wp","href":"https:\/\/api.w.org\/{rel}","templated":true}]}}